{"id":6426,"date":"2018-03-26T05:49:10","date_gmt":"2018-03-26T04:49:10","guid":{"rendered":"https:\/\/financialprojects.de\/solutions\/financing-machinery-equipment-vehicles\/finanzierungsrechner-fuer-led-lighting-solutions"},"modified":"2021-06-29T10:52:23","modified_gmt":"2021-06-29T08:52:23","slug":"financing-calculator-led-lighting-solutions","status":"publish","type":"page","link":"https:\/\/financialprojects.de\/en\/solutions\/financing-machinery-equipment-vehicles\/financing-calculator-led-lighting-solutions","title":{"rendered":"Financing Calculator for LED Lighting Solutions"},"content":{"rendered":"<div class='clear'><\/div><div id='sub_menu1'  class='av-submenu-container alternate_color  avia-builder-el-0  el_before_av_section  avia-builder-el-first  av-sticky-submenu  container_wrap sidebar_right' style='  z-index:301' ><div class='container av-menu-mobile-disabled '><ul id=\"menu-2-0-finanzierungsthemen-en\" class=\"av-subnav-menu av-submenu-pos-center\"><li id=\"menu-item-17044\" class=\"menu-item menu-item-type-custom menu-item-object-custom menu-item-home menu-item-top-level menu-item-top-level-1\"><a title=\"Financial Projects \u2013 Your specialist for all topics of Corporate Finance\" href=\"https:\/\/financialprojects.de\/en\" itemprop=\"url\"><span class=\"avia-bullet\"><\/span><span class=\"avia-menu-text\">Start<\/span><span class=\"avia-menu-fx\"><span class=\"avia-arrow-wrap\"><span class=\"avia-arrow\"><\/span><\/span><\/span><\/a><\/li>\n<li id=\"menu-item-10704\" class=\"menu-item menu-item-type-custom menu-item-object-custom menu-item-has-children menu-item-top-level menu-item-top-level-2\"><a href=\"\/en\/corporate-finance\" itemprop=\"url\"><span class=\"avia-bullet\"><\/span><span class=\"avia-menu-text\">Corporate Finance<\/span><span class=\"avia-menu-fx\"><span class=\"avia-arrow-wrap\"><span class=\"avia-arrow\"><\/span><\/span><\/span><\/a>\n\n\n<ul class=\"sub-menu\">\n\t<li id=\"menu-item-10706\" class=\"menu-item menu-item-type-post_type menu-item-object-page\"><a title=\"Gewerbe- und Industrieimmobilien\" href=\"https:\/\/financialprojects.de\/en\/commercial-real-estate\" itemprop=\"url\"><span class=\"avia-bullet\"><\/span><span class=\"avia-menu-text\">Commercial and Industrial Real Estate<\/span><\/a><\/li>\n\t<li id=\"menu-item-10707\" class=\"menu-item menu-item-type-custom menu-item-object-custom\"><a href=\"\/en\/working-capital\" itemprop=\"url\"><span class=\"avia-bullet\"><\/span><span class=\"avia-menu-text\">Working Capital<\/span><\/a><\/li>\n\t<li id=\"menu-item-10708\" class=\"menu-item menu-item-type-post_type menu-item-object-page\"><a title=\"Beleihung gewerblicher Schutzrechte\" href=\"https:\/\/financialprojects.de\/en\/solutions\/mortgaging-industrial-property-rights\" itemprop=\"url\"><span class=\"avia-bullet\"><\/span><span class=\"avia-menu-text\">Mortgaging of Industrial Property Rights<\/span><\/a><\/li>\n\t<li id=\"menu-item-10709\" class=\"menu-item menu-item-type-post_type menu-item-object-page\"><a title=\"Notgeld zur Liquidit\u00e4tssicherung\" href=\"https:\/\/financialprojects.de\/en\/emergency-money-securing-liquidity\" itemprop=\"url\"><span class=\"avia-bullet\"><\/span><span class=\"avia-menu-text\">Emergency Money for Securing Liquidity<\/span><\/a><\/li>\n<\/ul>\n<\/li>\n<li id=\"menu-item-10710\" class=\"menu-item menu-item-type-post_type menu-item-object-page menu-item-top-level menu-item-top-level-3\"><a title=\"Equipment Finance Calculator\" href=\"https:\/\/financialprojects.de\/en\/solutions\/financing-machinery-equipment-vehicles\/equipment-finance-calculator-user\" itemprop=\"url\"><span class=\"avia-bullet\"><\/span><span class=\"avia-menu-text\">Equipment Finance <i>Calculator<\/i><\/span><span class=\"avia-menu-fx\"><span class=\"avia-arrow-wrap\"><span class=\"avia-arrow\"><\/span><\/span><\/span><\/a><\/li>\n<li id=\"menu-item-10722\" class=\"menu-item menu-item-type-custom menu-item-object-custom menu-item-top-level menu-item-top-level-4\"><a href=\"\/en\/vendor-finance\" itemprop=\"url\"><span class=\"avia-bullet\"><\/span><span class=\"avia-menu-text\">Vendor Finance<\/span><span class=\"avia-menu-fx\"><span class=\"avia-arrow-wrap\"><span class=\"avia-arrow\"><\/span><\/span><\/span><\/a><\/li>\n<li id=\"menu-item-10724\" class=\"menu-item menu-item-type-custom menu-item-object-custom menu-item-has-children menu-item-top-level menu-item-top-level-5\"><a href=\"\/en\/working-capital\" itemprop=\"url\"><span class=\"avia-bullet\"><\/span><span class=\"avia-menu-text\">Working Capital<\/span><span class=\"avia-menu-fx\"><span class=\"avia-arrow-wrap\"><span class=\"avia-arrow\"><\/span><\/span><\/span><\/a>\n\n\n<ul class=\"sub-menu\">\n\t<li id=\"menu-item-10725\" class=\"menu-item menu-item-type-post_type menu-item-object-page\"><a href=\"https:\/\/financialprojects.de\/en\/working-capital\/factoring\" itemprop=\"url\"><span class=\"avia-bullet\"><\/span><span class=\"avia-menu-text\">Factoring<\/span><\/a><\/li>\n\t<li id=\"menu-item-10726\" class=\"menu-item menu-item-type-post_type menu-item-object-page\"><a href=\"https:\/\/financialprojects.de\/en\/basics-of-factoring\" itemprop=\"url\"><span class=\"avia-bullet\"><\/span><span class=\"avia-menu-text\">Factoring Basics<\/span><\/a><\/li>\n\t<li id=\"menu-item-10727\" class=\"menu-item menu-item-type-post_type menu-item-object-page\"><a href=\"https:\/\/financialprojects.de\/en\/working-capital\/current-account-facilities\" itemprop=\"url\"><span class=\"avia-bullet\"><\/span><span class=\"avia-menu-text\">Overdraft Facility<\/span><\/a><\/li>\n\t<li id=\"menu-item-10728\" class=\"menu-item menu-item-type-post_type menu-item-object-page\"><a href=\"https:\/\/financialprojects.de\/en\/working-capital\/purchase-stock-financing\" itemprop=\"url\"><span class=\"avia-bullet\"><\/span><span class=\"avia-menu-text\">Purchase and stock financing<\/span><\/a><\/li>\n\t<li id=\"menu-item-10729\" class=\"menu-item menu-item-type-post_type menu-item-object-page\"><a title=\"Glossar\" href=\"https:\/\/financialprojects.de\/en\/working-capital\/glossary-working-capital\" itemprop=\"url\"><span class=\"avia-bullet\"><\/span><span class=\"avia-menu-text\">Glossary Working Capital<\/span><\/a><\/li>\n<\/ul>\n<\/li>\n<li id=\"menu-item-10730\" class=\"menu-item menu-item-type-post_type menu-item-object-page menu-item-top-level menu-item-top-level-6\"><a title=\"Equipment Finance\" href=\"https:\/\/financialprojects.de\/en\/solutions\/financing-machinery-equipment-vehicles\" itemprop=\"url\"><span class=\"avia-bullet\"><\/span><span class=\"avia-menu-text\">Equipment Finance<\/span><span class=\"avia-menu-fx\"><span class=\"avia-arrow-wrap\"><span class=\"avia-arrow\"><\/span><\/span><\/span><\/a><\/li>\n<li id=\"menu-item-10776\" class=\"menu-item menu-item-type-post_type menu-item-object-page menu-item-has-children menu-item-top-level menu-item-top-level-7\"><a href=\"https:\/\/financialprojects.de\/en\/trade-finance\" itemprop=\"url\"><span class=\"avia-bullet\"><\/span><span class=\"avia-menu-text\">Trade Finance<\/span><span class=\"avia-menu-fx\"><span class=\"avia-arrow-wrap\"><span class=\"avia-arrow\"><\/span><\/span><\/span><\/a>\n\n\n<ul class=\"sub-menu\">\n\t<li id=\"menu-item-11250\" class=\"menu-item menu-item-type-custom menu-item-object-custom\"><a href=\"\/en\/export-finance\/factoring\" itemprop=\"url\"><span class=\"avia-bullet\"><\/span><span class=\"avia-menu-text\">Factoring<\/span><\/a><\/li>\n<\/ul>\n<\/li>\n<\/ul><\/div><\/div><div class='sticky_placeholder'><\/div>\n<div id='custom-slider'  class='avia-section main_color avia-section-no-padding avia-no-border-styling  avia-bg-style-scroll  avia-builder-el-1  el_after_av_submenu  el_before_av_textblock   container_wrap sidebar_right' style='background-color: #ededed;  '  ><div class='container' ><div class='template-page content  av-content-small alpha units'><div class='post-entry post-entry-type-page post-entry-6426'><div class='entry-content-wrapper clearfix'>\n<div class=\"flex_column av_one_fifth  flex_column_div av-zero-column-padding first  avia-builder-el-2  el_before_av_three_fifth  avia-builder-el-first  \" style='border-radius:0px; '><\/div><div class=\"flex_column av_three_fifth  flex_column_div   avia-builder-el-3  el_after_av_one_fifth  el_before_av_one_fifth  \" style='padding:0px 5{a18ebd2cd3695fb5b5544f11c382dc0da026a24f4c66384090492349a8f13f50} 0px 5{a18ebd2cd3695fb5b5544f11c382dc0da026a24f4c66384090492349a8f13f50} ; border-radius:0px; '><div   data-size='special'  data-lightbox_size='large'  data-animation='fade'  data-conditional_play=''  data-ids='6449'  data-video_counter='0'  data-autoplay='false'  data-bg_slider='false'  data-slide_height=''  data-handle='av_slideshow'  data-interval='5'  data-class=' avia-builder-el-4  avia-builder-el-no-sibling  '  data-el_id=''  data-css_id=''  data-scroll_down=''  data-control_layout='av-control-default'  data-custom_markup=''  data-perma_caption=''  data-autoplay_stopper=''  data-image_attachment=''  data-min_height='0px'  data-lazy_loading='disabled'  class='avia-slideshow avia-slideshow-1  av-control-default av-default-height-applied avia-slideshow-special av_slideshow  avia-builder-el-4  avia-builder-el-no-sibling   avia-fade-slider '  itemprop=\"image\" itemscope=\"itemscope\" itemtype=\"https:\/\/schema.org\/ImageObject\" ><ul class='avia-slideshow-inner ' style='padding-bottom: 56.25%;' ><li  class=' av-single-slide slide-1 ' ><div data-rel='slideshow-1' class='avia-slide-wrap '   ><img decoding=\"async\" class=\"wp-image-6449 avia-img-lazy-loading-not-6449\"  src=\"https:\/\/financialprojects.de\/wp-content\/uploads\/2018\/03\/Lighting-Solutions.jpg\" width=\"960\" height=\"540\" title='Lighting-Solutions' alt=''  itemprop=\"thumbnailUrl\" srcset=\"https:\/\/financialprojects.de\/wp-content\/uploads\/2018\/03\/Lighting-Solutions.jpg 960w, https:\/\/financialprojects.de\/wp-content\/uploads\/2018\/03\/Lighting-Solutions-300x169.jpg 300w, https:\/\/financialprojects.de\/wp-content\/uploads\/2018\/03\/Lighting-Solutions-768x432.jpg 768w, https:\/\/financialprojects.de\/wp-content\/uploads\/2018\/03\/Lighting-Solutions-705x397.jpg 705w, https:\/\/financialprojects.de\/wp-content\/uploads\/2018\/03\/Lighting-Solutions-450x253.jpg 450w\" sizes=\"(max-width: 960px) 100vw, 960px\" \/><\/div><\/li><\/ul><\/div><\/div><div class=\"flex_column av_one_fifth  flex_column_div av-zero-column-padding   avia-builder-el-5  el_after_av_three_fifth  avia-builder-el-last  \" style='border-radius:0px; '><\/div>\n<\/div><\/div><\/div><!-- close content main div --><\/div><\/div><div id='after_section_1'  class='main_color av_default_container_wrap container_wrap sidebar_right' style=' '  ><div class='container' ><div class='template-page content  av-content-small alpha units'><div class='post-entry post-entry-type-page post-entry-6426'><div class='entry-content-wrapper clearfix'>\n<section class=\"av_textblock_section \"  itemscope=\"itemscope\" itemtype=\"https:\/\/schema.org\/CreativeWork\" ><div class='avia_textblock  '   itemprop=\"text\" ><h1><b>LED Lighting Solutions-Finanzierung<\/b><\/h1>\n<p>Sie planen die Finanzierung von LED-Lichtanlagen, z.B. f\u00fcr Arbeitsr\u00e4ume, Lagerhallen, oder Eventhallen?<\/p>\n<p>Mit Financial Projects Services als Branchenexperte und zuverl\u00e4ssiger Partner erhalten Sie vertraglich und preislich bestm\u00f6gliche Finanzierungsl\u00f6sungen von LED-Lichtanlagen.<\/p>\n<p>Profitieren Sie von unserem Finanzierungs-Netzwerk und \u00fcber 30 Jahren Erfahrung im Finanzierungsmarkt sowie von unseren standardisierten Ausschreibungsverfahren.<br \/>\nKontaktieren Sie uns jetzt unverbindlich unter:<\/p>\n<div style=\"float: left; width: 80px;\">Telefon:<\/div>\n<div style=\"float: left;\"><a href=\"tel:+4920830998070\">+49 208 30 99 80 70<\/a><\/div>\n<div style=\"clear: both; height: 1px;\"><\/div>\n<div style=\"clear: both; height: 1px;\"><\/div>\n<div style=\"float: left; width: 80px;\">E-Mail:<\/div>\n<div style=\"float: left;\"><a href=\"mailto:office@financialprojects-services.de\">office@financialprojects-services.de<\/a><\/div>\n<div style=\"clear: both; height: 20px;\"><\/div>\n<\/div><\/section>\n<div  style=' margin-top:5px; margin-bottom:5px;'  class='hr hr-custom hr-center hr-icon-no   avia-builder-el-7  el_after_av_textblock  el_before_av_textblock '><span class='hr-inner  inner-border-av-border-none' style=' width:50px;' ><span class='hr-inner-style'><\/span><\/span><\/div>\n<section class=\"av_textblock_section \"  itemscope=\"itemscope\" itemtype=\"https:\/\/schema.org\/CreativeWork\" ><div class='avia_textblock  '   itemprop=\"text\" ><h2><b>Finanzierungsrechner f\u00fcr LED Lighting Solutions<\/b><\/h2>\n<p>Mit unserem Finanzierungsrechner f\u00fcr LED-Lichtanlagen berechnen Sie Ihre Investition auf den Tag genau, ganz gleich, ob Sie \u00fcber Leasing, Mietkauf oder Investitionskredit finanzieren m\u00f6chten. Unser Finanzierungsrechner kalkuliert Ihre Finanzierung von 25.000 EUR bis 1.000.000 EUR und Laufzeiten bis zu 84 Monaten<\/p>\n F\u00fcr Ihre Kalkulation bitten wir Sie, sich einmalig und unverbindlich zu <a href=\"https:\/\/financialprojects.de\/registrierung\">registrieren<\/a>.\n<\/div><\/section>\n<div  class='avia-builder-widget-area clearfix  avia-builder-el-9  el_after_av_textblock  el_before_av_textblock '><div id=\"custom_html-24\" class=\"widget_text widget clearfix widget_custom_html\"><div class=\"textwidget custom-html-widget\"><div style=\"width:50%;float:left;padding-right:10px\"><div id=\"wpmem_login\"><a id=\"login\"><\/a><form action=\"\" method=\"POST\" id=\"wpmem_login_form\" class=\"form\"><input type=\"hidden\" id=\"_wpmem_login_nonce\" name=\"_wpmem_login_nonce\" value=\"e3b7acda74\" \/><input type=\"hidden\" name=\"_wp_http_referer\" value=\"\/en\/wp-json\/wp\/v2\/pages\/6426\" \/><fieldset><legend>Existing Users Log In<\/legend><label for=\"log\">Username or Email<\/label><div class=\"div_text\"><input name=\"log\" type=\"text\" id=\"log\" value=\"\" class=\"username\" required  \/><\/div><label for=\"pwd\">Password<\/label><div class=\"div_text\"><input name=\"pwd\" type=\"password\" id=\"pwd\" class=\"password\" required  \/><\/div><input name=\"a\" type=\"hidden\" value=\"login\" \/><input name=\"redirect_to\" type=\"hidden\" value=\"https:\/\/financialprojects.de\/en\" \/><div class=\"button_div\"><input name=\"rememberme\" type=\"checkbox\" id=\"rememberme\" value=\"forever\" \/>&nbsp;<label for=\"rememberme\">Remember Me<\/label>&nbsp;&nbsp;<input type=\"submit\" name=\"Submit\" value=\"Log In\" class=\"buttons\" \/><\/div><\/fieldset><\/form><\/div><a href=\"anmelden\">Passwort vergessen?<\/a><\/div><div style=\"width:50%;float:left;padding-left:20px;margin-top: 50px;\"><legend> Registrieren<\/legend>Bitte registrieren Sie sich einmalig mit Ihrer Email-Adresse. Sie erhalten umgehend Ihren Zugangscode. \u00dcbermitteln Sie uns Ihre Anfrage oder rufen Sie uns direkt an: +49 208 30 99 80 70<br\/><a href=\"\/en\/registration\">Registrierungsformular<\/a><\/div><\/div><\/div><\/div>\n<section class=\"av_textblock_section \"  itemscope=\"itemscope\" itemtype=\"https:\/\/schema.org\/CreativeWork\" ><div class='avia_textblock  '   itemprop=\"text\" >\n<\/div><\/section>\n","protected":false},"excerpt":{"rendered":"","protected":false},"author":11,"featured_media":0,"parent":5745,"menu_order":0,"comment_status":"closed","ping_status":"closed","template":"","meta":{"_monsterinsights_skip_tracking":false,"_monsterinsights_sitenote_active":false,"_monsterinsights_sitenote_note":"","_monsterinsights_sitenote_category":0,"footnotes":""},"class_list":["post-6426","page","type-page","status-publish","hentry"],"yoast_head":"<!-- This site is optimized with the Yoast SEO plugin v27.2 - https:\/\/yoast.com\/product\/yoast-seo-wordpress\/ -->\n<title>Finanzierungsrechner f\u00fcr LED Lighting Solutions | Mietkauf - Leasing - Kredit<\/title>\n<meta name=\"description\" content=\"Finanzierung von f\u00fcr LED Lighting Solutions. Kalkulieren Sie von 25.000 EUR bis 1.000.000 EUR und Laufzeiten bis zu 84 Monaten.\" \/>\n<meta name=\"robots\" content=\"index, follow, max-snippet:-1, max-image-preview:large, max-video-preview:-1\" \/>\n<link rel=\"canonical\" href=\"https:\/\/financialprojects.de\/loesungen\/finanzierung-von-maschinen-anlagen-und-fahrzeugen-oder-it\/finanzierungsrechner-fuer-led-lighting-solutions\" \/>\n<meta property=\"og:locale\" content=\"en_US\" \/>\n<meta property=\"og:type\" content=\"article\" \/>\n<meta property=\"og:title\" content=\"Finanzierungsrechner f\u00fcr LED Lighting Solutions | Mietkauf - Leasing - Kredit\" \/>\n<meta property=\"og:description\" content=\"Finanzierung von f\u00fcr LED Lighting Solutions. Kalkulieren Sie von 25.000 EUR bis 1.000.000 EUR und Laufzeiten bis zu 84 Monaten.\" \/>\n<meta property=\"og:url\" content=\"https:\/\/financialprojects.de\/loesungen\/finanzierung-von-maschinen-anlagen-und-fahrzeugen-oder-it\/finanzierungsrechner-fuer-led-lighting-solutions\" \/>\n<meta property=\"og:site_name\" content=\"Financial Projects\" \/>\n<meta property=\"article:modified_time\" content=\"2021-06-29T08:52:23+00:00\" \/>\n<meta name=\"twitter:card\" content=\"summary_large_image\" \/>\n<meta name=\"twitter:label1\" content=\"Est. reading time\" \/>\n\t<meta name=\"twitter:data1\" content=\"3 minutes\" \/>\n<script type=\"application\/ld+json\" class=\"yoast-schema-graph\">{\"@context\":\"https:\/\/schema.org\",\"@graph\":[{\"@type\":\"WebPage\",\"@id\":\"https:\/\/financialprojects.de\/loesungen\/finanzierung-von-maschinen-anlagen-und-fahrzeugen-oder-it\/finanzierungsrechner-fuer-led-lighting-solutions\",\"url\":\"https:\/\/financialprojects.de\/loesungen\/finanzierung-von-maschinen-anlagen-und-fahrzeugen-oder-it\/finanzierungsrechner-fuer-led-lighting-solutions\",\"name\":\"Finanzierungsrechner f\u00fcr LED Lighting Solutions | Mietkauf - Leasing - Kredit\",\"isPartOf\":{\"@id\":\"https:\/\/financialprojects.de\/en\/#website\"},\"datePublished\":\"2018-03-26T04:49:10+00:00\",\"dateModified\":\"2021-06-29T08:52:23+00:00\",\"description\":\"Finanzierung von f\u00fcr LED Lighting Solutions. Kalkulieren Sie von 25.000 EUR bis 1.000.000 EUR und Laufzeiten bis zu 84 Monaten.\",\"breadcrumb\":{\"@id\":\"https:\/\/financialprojects.de\/loesungen\/finanzierung-von-maschinen-anlagen-und-fahrzeugen-oder-it\/finanzierungsrechner-fuer-led-lighting-solutions#breadcrumb\"},\"inLanguage\":\"en-US\",\"potentialAction\":[{\"@type\":\"ReadAction\",\"target\":[\"https:\/\/financialprojects.de\/loesungen\/finanzierung-von-maschinen-anlagen-und-fahrzeugen-oder-it\/finanzierungsrechner-fuer-led-lighting-solutions\"]}]},{\"@type\":\"BreadcrumbList\",\"@id\":\"https:\/\/financialprojects.de\/loesungen\/finanzierung-von-maschinen-anlagen-und-fahrzeugen-oder-it\/finanzierungsrechner-fuer-led-lighting-solutions#breadcrumb\",\"itemListElement\":[{\"@type\":\"ListItem\",\"position\":1,\"name\":\"Startseite\",\"item\":\"https:\/\/financialprojects.de\/en\"},{\"@type\":\"ListItem\",\"position\":2,\"name\":\"Solutions\",\"item\":\"https:\/\/financialprojects.de\/en\/solutions\"},{\"@type\":\"ListItem\",\"position\":3,\"name\":\"Financing of machinery, equipment and vehicles or IT\",\"item\":\"https:\/\/financialprojects.de\/en\/solutions\/financing-machinery-equipment-vehicles\"},{\"@type\":\"ListItem\",\"position\":4,\"name\":\"Financing Calculator for LED Lighting Solutions\"}]},{\"@type\":\"WebSite\",\"@id\":\"https:\/\/financialprojects.de\/en\/#website\",\"url\":\"https:\/\/financialprojects.de\/en\/\",\"name\":\"Financial Projects\",\"description\":\"Finanzierungen von Investitionsvorhaben\",\"potentialAction\":[{\"@type\":\"SearchAction\",\"target\":{\"@type\":\"EntryPoint\",\"urlTemplate\":\"https:\/\/financialprojects.de\/en\/?s={search_term_string}\"},\"query-input\":{\"@type\":\"PropertyValueSpecification\",\"valueRequired\":true,\"valueName\":\"search_term_string\"}}],\"inLanguage\":\"en-US\"}]}<\/script>\n<!-- \/ Yoast SEO plugin. -->","yoast_head_json":{"title":"Finanzierungsrechner f\u00fcr LED Lighting Solutions | Mietkauf - Leasing - Kredit","description":"Finanzierung von f\u00fcr LED Lighting Solutions. Kalkulieren Sie von 25.000 EUR bis 1.000.000 EUR und Laufzeiten bis zu 84 Monaten.","robots":{"index":"index","follow":"follow","max-snippet":"max-snippet:-1","max-image-preview":"max-image-preview:large","max-video-preview":"max-video-preview:-1"},"canonical":"https:\/\/financialprojects.de\/loesungen\/finanzierung-von-maschinen-anlagen-und-fahrzeugen-oder-it\/finanzierungsrechner-fuer-led-lighting-solutions","og_locale":"en_US","og_type":"article","og_title":"Finanzierungsrechner f\u00fcr LED Lighting Solutions | Mietkauf - Leasing - Kredit","og_description":"Finanzierung von f\u00fcr LED Lighting Solutions. Kalkulieren Sie von 25.000 EUR bis 1.000.000 EUR und Laufzeiten bis zu 84 Monaten.","og_url":"https:\/\/financialprojects.de\/loesungen\/finanzierung-von-maschinen-anlagen-und-fahrzeugen-oder-it\/finanzierungsrechner-fuer-led-lighting-solutions","og_site_name":"Financial Projects","article_modified_time":"2021-06-29T08:52:23+00:00","twitter_card":"summary_large_image","twitter_misc":{"Est. reading time":"3 minutes"},"schema":{"@context":"https:\/\/schema.org","@graph":[{"@type":"WebPage","@id":"https:\/\/financialprojects.de\/loesungen\/finanzierung-von-maschinen-anlagen-und-fahrzeugen-oder-it\/finanzierungsrechner-fuer-led-lighting-solutions","url":"https:\/\/financialprojects.de\/loesungen\/finanzierung-von-maschinen-anlagen-und-fahrzeugen-oder-it\/finanzierungsrechner-fuer-led-lighting-solutions","name":"Finanzierungsrechner f\u00fcr LED Lighting Solutions | Mietkauf - Leasing - Kredit","isPartOf":{"@id":"https:\/\/financialprojects.de\/en\/#website"},"datePublished":"2018-03-26T04:49:10+00:00","dateModified":"2021-06-29T08:52:23+00:00","description":"Finanzierung von f\u00fcr LED Lighting Solutions. Kalkulieren Sie von 25.000 EUR bis 1.000.000 EUR und Laufzeiten bis zu 84 Monaten.","breadcrumb":{"@id":"https:\/\/financialprojects.de\/loesungen\/finanzierung-von-maschinen-anlagen-und-fahrzeugen-oder-it\/finanzierungsrechner-fuer-led-lighting-solutions#breadcrumb"},"inLanguage":"en-US","potentialAction":[{"@type":"ReadAction","target":["https:\/\/financialprojects.de\/loesungen\/finanzierung-von-maschinen-anlagen-und-fahrzeugen-oder-it\/finanzierungsrechner-fuer-led-lighting-solutions"]}]},{"@type":"BreadcrumbList","@id":"https:\/\/financialprojects.de\/loesungen\/finanzierung-von-maschinen-anlagen-und-fahrzeugen-oder-it\/finanzierungsrechner-fuer-led-lighting-solutions#breadcrumb","itemListElement":[{"@type":"ListItem","position":1,"name":"Startseite","item":"https:\/\/financialprojects.de\/en"},{"@type":"ListItem","position":2,"name":"Solutions","item":"https:\/\/financialprojects.de\/en\/solutions"},{"@type":"ListItem","position":3,"name":"Financing of machinery, equipment and vehicles or IT","item":"https:\/\/financialprojects.de\/en\/solutions\/financing-machinery-equipment-vehicles"},{"@type":"ListItem","position":4,"name":"Financing Calculator for LED Lighting Solutions"}]},{"@type":"WebSite","@id":"https:\/\/financialprojects.de\/en\/#website","url":"https:\/\/financialprojects.de\/en\/","name":"Financial Projects","description":"Finanzierungen von Investitionsvorhaben","potentialAction":[{"@type":"SearchAction","target":{"@type":"EntryPoint","urlTemplate":"https:\/\/financialprojects.de\/en\/?s={search_term_string}"},"query-input":{"@type":"PropertyValueSpecification","valueRequired":true,"valueName":"search_term_string"}}],"inLanguage":"en-US"}]}},"_links":{"self":[{"href":"https:\/\/financialprojects.de\/en\/wp-json\/wp\/v2\/pages\/6426","targetHints":{"allow":["GET"]}}],"collection":[{"href":"https:\/\/financialprojects.de\/en\/wp-json\/wp\/v2\/pages"}],"about":[{"href":"https:\/\/financialprojects.de\/en\/wp-json\/wp\/v2\/types\/page"}],"author":[{"embeddable":true,"href":"https:\/\/financialprojects.de\/en\/wp-json\/wp\/v2\/users\/11"}],"replies":[{"embeddable":true,"href":"https:\/\/financialprojects.de\/en\/wp-json\/wp\/v2\/comments?post=6426"}],"version-history":[{"count":0,"href":"https:\/\/financialprojects.de\/en\/wp-json\/wp\/v2\/pages\/6426\/revisions"}],"up":[{"embeddable":true,"href":"https:\/\/financialprojects.de\/en\/wp-json\/wp\/v2\/pages\/5745"}],"wp:attachment":[{"href":"https:\/\/financialprojects.de\/en\/wp-json\/wp\/v2\/media?parent=6426"}],"curies":[{"name":"wp","href":"https:\/\/api.w.org\/{rel}","templated":true}]}}