{"id":5906,"date":"2018-02-23T07:57:58","date_gmt":"2018-02-23T06:57:58","guid":{"rendered":"https:\/\/financialprojects.de?page_id=5906"},"modified":"2021-06-29T10:48:47","modified_gmt":"2021-06-29T08:48:47","slug":"registration","status":"publish","type":"page","link":"https:\/\/financialprojects.de\/en\/registration","title":{"rendered":"Registration"},"content":{"rendered":"<div class='clear'><\/div><div id='sub_menu1'  class='av-submenu-container alternate_color  avia-builder-el-0  el_before_av_section  avia-builder-el-first  av-sticky-submenu  container_wrap sidebar_right' style='  z-index:301' ><div class='container av-menu-mobile-disabled '><ul id=\"menu-2-0-finanzierungsthemen-en\" class=\"av-subnav-menu av-submenu-pos-center\"><li id=\"menu-item-17044\" class=\"menu-item menu-item-type-custom menu-item-object-custom menu-item-home menu-item-top-level menu-item-top-level-1\"><a title=\"Financial Projects \u2013 Your specialist for all topics of Corporate Finance\" href=\"https:\/\/financialprojects.de\/en\" itemprop=\"url\"><span class=\"avia-bullet\"><\/span><span class=\"avia-menu-text\">Start<\/span><span class=\"avia-menu-fx\"><span class=\"avia-arrow-wrap\"><span class=\"avia-arrow\"><\/span><\/span><\/span><\/a><\/li>\n<li id=\"menu-item-10704\" class=\"menu-item menu-item-type-custom menu-item-object-custom menu-item-has-children menu-item-top-level menu-item-top-level-2\"><a href=\"\/en\/corporate-finance\" itemprop=\"url\"><span class=\"avia-bullet\"><\/span><span class=\"avia-menu-text\">Corporate Finance<\/span><span class=\"avia-menu-fx\"><span class=\"avia-arrow-wrap\"><span class=\"avia-arrow\"><\/span><\/span><\/span><\/a>\n\n\n<ul class=\"sub-menu\">\n\t<li id=\"menu-item-10706\" class=\"menu-item menu-item-type-post_type menu-item-object-page\"><a title=\"Gewerbe- und Industrieimmobilien\" href=\"https:\/\/financialprojects.de\/en\/commercial-real-estate\" itemprop=\"url\"><span class=\"avia-bullet\"><\/span><span class=\"avia-menu-text\">Commercial and Industrial Real Estate<\/span><\/a><\/li>\n\t<li id=\"menu-item-10707\" class=\"menu-item menu-item-type-custom menu-item-object-custom\"><a href=\"\/en\/working-capital\" itemprop=\"url\"><span class=\"avia-bullet\"><\/span><span class=\"avia-menu-text\">Working Capital<\/span><\/a><\/li>\n\t<li id=\"menu-item-10708\" class=\"menu-item menu-item-type-post_type menu-item-object-page\"><a title=\"Beleihung gewerblicher Schutzrechte\" href=\"https:\/\/financialprojects.de\/en\/solutions\/mortgaging-industrial-property-rights\" itemprop=\"url\"><span class=\"avia-bullet\"><\/span><span class=\"avia-menu-text\">Mortgaging of Industrial Property Rights<\/span><\/a><\/li>\n\t<li id=\"menu-item-10709\" class=\"menu-item menu-item-type-post_type menu-item-object-page\"><a title=\"Notgeld zur Liquidit\u00e4tssicherung\" href=\"https:\/\/financialprojects.de\/en\/emergency-money-securing-liquidity\" itemprop=\"url\"><span class=\"avia-bullet\"><\/span><span class=\"avia-menu-text\">Emergency Money for Securing Liquidity<\/span><\/a><\/li>\n<\/ul>\n<\/li>\n<li id=\"menu-item-10710\" class=\"menu-item menu-item-type-post_type menu-item-object-page menu-item-top-level menu-item-top-level-3\"><a title=\"Equipment Finance Calculator\" href=\"https:\/\/financialprojects.de\/en\/solutions\/financing-machinery-equipment-vehicles\/equipment-finance-calculator-user\" itemprop=\"url\"><span class=\"avia-bullet\"><\/span><span class=\"avia-menu-text\">Equipment Finance <i>Calculator<\/i><\/span><span class=\"avia-menu-fx\"><span class=\"avia-arrow-wrap\"><span class=\"avia-arrow\"><\/span><\/span><\/span><\/a><\/li>\n<li id=\"menu-item-10722\" class=\"menu-item menu-item-type-custom menu-item-object-custom menu-item-top-level menu-item-top-level-4\"><a href=\"\/en\/vendor-finance\" itemprop=\"url\"><span class=\"avia-bullet\"><\/span><span class=\"avia-menu-text\">Vendor Finance<\/span><span class=\"avia-menu-fx\"><span class=\"avia-arrow-wrap\"><span class=\"avia-arrow\"><\/span><\/span><\/span><\/a><\/li>\n<li id=\"menu-item-10724\" class=\"menu-item menu-item-type-custom menu-item-object-custom menu-item-has-children menu-item-top-level menu-item-top-level-5\"><a href=\"\/en\/working-capital\" itemprop=\"url\"><span class=\"avia-bullet\"><\/span><span class=\"avia-menu-text\">Working Capital<\/span><span class=\"avia-menu-fx\"><span class=\"avia-arrow-wrap\"><span class=\"avia-arrow\"><\/span><\/span><\/span><\/a>\n\n\n<ul class=\"sub-menu\">\n\t<li id=\"menu-item-10725\" class=\"menu-item menu-item-type-post_type menu-item-object-page\"><a href=\"https:\/\/financialprojects.de\/en\/working-capital\/factoring\" itemprop=\"url\"><span class=\"avia-bullet\"><\/span><span class=\"avia-menu-text\">Factoring<\/span><\/a><\/li>\n\t<li id=\"menu-item-10726\" class=\"menu-item menu-item-type-post_type menu-item-object-page\"><a href=\"https:\/\/financialprojects.de\/en\/basics-of-factoring\" itemprop=\"url\"><span class=\"avia-bullet\"><\/span><span class=\"avia-menu-text\">Factoring Basics<\/span><\/a><\/li>\n\t<li id=\"menu-item-10727\" class=\"menu-item menu-item-type-post_type menu-item-object-page\"><a href=\"https:\/\/financialprojects.de\/en\/working-capital\/current-account-facilities\" itemprop=\"url\"><span class=\"avia-bullet\"><\/span><span class=\"avia-menu-text\">Overdraft Facility<\/span><\/a><\/li>\n\t<li id=\"menu-item-10728\" class=\"menu-item menu-item-type-post_type menu-item-object-page\"><a href=\"https:\/\/financialprojects.de\/en\/working-capital\/purchase-stock-financing\" itemprop=\"url\"><span class=\"avia-bullet\"><\/span><span class=\"avia-menu-text\">Purchase and stock financing<\/span><\/a><\/li>\n\t<li id=\"menu-item-10729\" class=\"menu-item menu-item-type-post_type menu-item-object-page\"><a title=\"Glossar\" href=\"https:\/\/financialprojects.de\/en\/working-capital\/glossary-working-capital\" itemprop=\"url\"><span class=\"avia-bullet\"><\/span><span class=\"avia-menu-text\">Glossary Working Capital<\/span><\/a><\/li>\n<\/ul>\n<\/li>\n<li id=\"menu-item-10730\" class=\"menu-item menu-item-type-post_type menu-item-object-page menu-item-top-level menu-item-top-level-6\"><a title=\"Equipment Finance\" href=\"https:\/\/financialprojects.de\/en\/solutions\/financing-machinery-equipment-vehicles\" itemprop=\"url\"><span class=\"avia-bullet\"><\/span><span class=\"avia-menu-text\">Equipment Finance<\/span><span class=\"avia-menu-fx\"><span class=\"avia-arrow-wrap\"><span class=\"avia-arrow\"><\/span><\/span><\/span><\/a><\/li>\n<li id=\"menu-item-10776\" class=\"menu-item menu-item-type-post_type menu-item-object-page menu-item-has-children menu-item-top-level menu-item-top-level-7\"><a href=\"https:\/\/financialprojects.de\/en\/trade-finance\" itemprop=\"url\"><span class=\"avia-bullet\"><\/span><span class=\"avia-menu-text\">Trade Finance<\/span><span class=\"avia-menu-fx\"><span class=\"avia-arrow-wrap\"><span class=\"avia-arrow\"><\/span><\/span><\/span><\/a>\n\n\n<ul class=\"sub-menu\">\n\t<li id=\"menu-item-11250\" class=\"menu-item menu-item-type-custom menu-item-object-custom\"><a href=\"\/en\/export-finance\/factoring\" itemprop=\"url\"><span class=\"avia-bullet\"><\/span><span class=\"avia-menu-text\">Factoring<\/span><\/a><\/li>\n<\/ul>\n<\/li>\n<\/ul><\/div><\/div><div class='sticky_placeholder'><\/div>\n<div id='custom-slider'  class='avia-section main_color avia-section-no-padding avia-no-border-styling  avia-bg-style-scroll  avia-builder-el-1  el_after_av_submenu  el_before_av_heading   container_wrap sidebar_right' style='background-color: #ededed;  '  ><div class='container' ><div class='template-page content  av-content-small alpha units'><div class='post-entry post-entry-type-page post-entry-5906'><div class='entry-content-wrapper clearfix'>\n<div class=\"flex_column av_one_fifth  flex_column_div av-zero-column-padding first  avia-builder-el-2  el_before_av_three_fifth  avia-builder-el-first  \" style='border-radius:0px; '><\/div><div class=\"flex_column av_three_fifth  flex_column_div   avia-builder-el-3  el_after_av_one_fifth  el_before_av_one_fifth  \" style='padding:0px 5% 0px 5% ; border-radius:0px; '><div   data-size='special'  data-lightbox_size='large'  data-animation='fade'  data-conditional_play=''  data-ids='6277'  data-video_counter='0'  data-autoplay='false'  data-bg_slider='false'  data-slide_height=''  data-handle='av_slideshow'  data-interval='5'  data-class=' avia-builder-el-4  avia-builder-el-no-sibling  '  data-el_id=''  data-css_id=''  data-scroll_down=''  data-control_layout='av-control-default'  data-custom_markup=''  data-perma_caption=''  data-autoplay_stopper=''  data-image_attachment=''  data-min_height='0px'  data-lazy_loading='disabled'  class='avia-slideshow avia-slideshow-1  av-control-default av-default-height-applied avia-slideshow-special av_slideshow  avia-builder-el-4  avia-builder-el-no-sibling   avia-fade-slider '  itemprop=\"image\" itemscope=\"itemscope\" itemtype=\"https:\/\/schema.org\/ImageObject\" ><ul class='avia-slideshow-inner ' style='padding-bottom: 56.25%;' ><li  class=' av-single-slide slide-1 ' ><div data-rel='slideshow-1' class='avia-slide-wrap '   ><img decoding=\"async\" class=\"wp-image-6277 avia-img-lazy-loading-not-6277\"  src=\"https:\/\/financialprojects.de\/wp-content\/uploads\/2018\/02\/Registration.jpg\" width=\"960\" height=\"540\" title='Registration' alt=''  itemprop=\"thumbnailUrl\" srcset=\"https:\/\/financialprojects.de\/wp-content\/uploads\/2018\/02\/Registration.jpg 960w, https:\/\/financialprojects.de\/wp-content\/uploads\/2018\/02\/Registration-300x169.jpg 300w, https:\/\/financialprojects.de\/wp-content\/uploads\/2018\/02\/Registration-768x432.jpg 768w, https:\/\/financialprojects.de\/wp-content\/uploads\/2018\/02\/Registration-705x397.jpg 705w, https:\/\/financialprojects.de\/wp-content\/uploads\/2018\/02\/Registration-450x253.jpg 450w\" sizes=\"(max-width: 960px) 100vw, 960px\" \/><\/div><\/li><\/ul><\/div><\/div><div class=\"flex_column av_one_fifth  flex_column_div av-zero-column-padding   avia-builder-el-5  el_after_av_three_fifth  avia-builder-el-last  \" style='border-radius:0px; '><\/div>\n<\/div><\/div><\/div><!-- close content main div --><\/div><\/div><div id='after_section_1'  class='main_color av_default_container_wrap container_wrap sidebar_right' style=' '  ><div class='container' ><div class='template-page content  av-content-small alpha units'><div class='post-entry post-entry-type-page post-entry-5906'><div class='entry-content-wrapper clearfix'>\n<div  style='padding-bottom:10px; ' class='av-special-heading av-special-heading-h1  blockquote modern-quote  avia-builder-el-6  el_after_av_section  el_before_av_textblock  avia-builder-el-first  '><h1 class='av-special-heading-tag '  itemprop=\"headline\"  >User Registration<\/h1><div class='special-heading-border'><div class='special-heading-inner-border' ><\/div><\/div><\/div>\n<section class=\"av_textblock_section \"  itemscope=\"itemscope\" itemtype=\"https:\/\/schema.org\/CreativeWork\" ><div class='avia_textblock  '   itemprop=\"text\" ><p>Register fast and free of charge on our website to get complete access to our financing calculator:<\/p>\n<ul>\n<li>Calculate directly daily conditions for 10 different object classes: \u00a0led lighting solutions, construction machinery, vehicles, trailer, industrial machinery, cranes and heavy goods vehicles, agricultural machinery, medical technology and therapeutic techniques, mobile and stationary power plants as well as forklifts.<\/li>\n<li>Leasing, hire purchase and investment credit calculations are possible.<\/li>\n<li>Simple and free registration.<\/li>\n<li>No waiting between individual calculations.<\/li>\n<\/ul>\n<p>If there are any questions concerning your registration, please contact us by phone under <a title=\"Rufen Sie uns jetzt an.\" href=\"tel:+4920830998070\"><span class=\"avia-menu-text\">+49 208 309980 70<\/span><\/a>.<\/p>\n<\/div><\/section>\n<div  class='avia-builder-widget-area clearfix  avia-builder-el-8  el_after_av_textblock  avia-builder-el-last '><div id=\"custom_html-12\" class=\"widget_text widget clearfix widget_custom_html\"><div class=\"textwidget custom-html-widget\"><div id=\"wpmem_reg\"><a id=\"register\"><\/a><form name=\"form\" method=\"post\" action=\"\" id=\"wpmem_register_form\" class=\"form\"><input type=\"hidden\" id=\"_wpmem_register_nonce\" name=\"_wpmem_register_nonce\" value=\"6fc47cab41\" \/><input type=\"hidden\" name=\"_wp_http_referer\" value=\"\/en\/wp-json\/wp\/v2\/pages\/5906\" \/><fieldset><legend>New User Registration<\/legend><label for=\"username\" class=\"text\">Choose a Username<span class=\"req\">*<\/span><\/label><div class=\"div_text\"><input name=\"username\" type=\"text\" id=\"username\" value=\"\" class=\"textbox\" required  \/><\/div><label for=\"first_name\" class=\"text\">First Name<span class=\"req\">*<\/span><\/label><div class=\"div_text\"><input name=\"first_name\" type=\"text\" id=\"first_name\" value=\"\" class=\"textbox\" required  \/><\/div><label for=\"last_name\" class=\"text\">Last Name<span class=\"req\">*<\/span><\/label><div class=\"div_text\"><input name=\"last_name\" type=\"text\" id=\"last_name\" value=\"\" class=\"textbox\" required  \/><\/div><label for=\"user_email\" class=\"text\">Email<span class=\"req\">*<\/span><\/label><div class=\"div_text\"><input name=\"user_email\" type=\"email\" id=\"user_email\" value=\"\" class=\"textbox\" required  \/><\/div><label for=\"telefon\" class=\"text\">Telefon<span class=\"req\">*<\/span><\/label><div class=\"div_text\"><input name=\"telefon\" type=\"text\" id=\"telefon\" value=\"\" class=\"textbox\" required  \/><\/div><label for=\"datenschutzerklaerung_akzeptiert\" class=\"checkbox\">Ich stimme zu, dass meine Angaben aus dem Kontaktformular zur Beantwortung meiner Anfrage erhoben und verarbeitet werden. Sie haben jederzeit die M\u00f6glichkeit, Ihre personenbezogenen Daten durch Financial Projects berichtigen, sperren oder l\u00f6schen zu lassen. Bitte wenden Sie sich hierzu an die folgende E-Mail-Adresse: office@financialprojects-services.de. Von der L\u00f6schung ausgenommen sind ausschlie\u00dflich die Daten, die wir zur Abwicklung noch ausstehender Aufgaben oder zur Durchsetzung unserer Rechte und Anspr\u00fcche ben\u00f6tigen sowie Daten, die wir nach gesetzlicher Ma\u00dfgabe aufbewahren m\u00fcssen. Solche Daten werden f\u00fcr jede weitere Nutzung durch uns selbstverst\u00e4ndlich gesperrt. Detaillierte Informationen zum Umgang mit Nutzerdaten finden Sie in unserer Datenschutzerkl\u00e4rung.<span class=\"req\">*<\/span><\/label><div class=\"div_checkbox\"><input name=\"datenschutzerklaerung_akzeptiert\" type=\"checkbox\" id=\"datenschutzerklaerung_akzeptiert\" value=\"1\" required  \/><\/div><input name=\"a\" type=\"hidden\" value=\"register\" \/><input name=\"wpmem_reg_page\" type=\"hidden\" value=\"\" \/><div class=\"button_div\"><input name=\"submit\" type=\"submit\" value=\"Register\" class=\"buttons\" \/><\/div><div class=\"req-text\"><span class=\"req\">*<\/span>Required field<\/div><\/fieldset><\/form><\/div><\/div><\/div><\/div>\n","protected":false},"excerpt":{"rendered":"","protected":false},"author":11,"featured_media":0,"parent":0,"menu_order":2,"comment_status":"closed","ping_status":"closed","template":"","meta":{"_monsterinsights_skip_tracking":false,"_monsterinsights_sitenote_active":false,"_monsterinsights_sitenote_note":"","_monsterinsights_sitenote_category":0,"footnotes":""},"class_list":["post-5906","page","type-page","status-publish","hentry"],"yoast_head":"<!-- This site is optimized with the Yoast SEO plugin v27.2 - https:\/\/yoast.com\/product\/yoast-seo-wordpress\/ -->\n<title>Registration - Financial Projects<\/title>\n<meta name=\"robots\" content=\"index, follow, max-snippet:-1, max-image-preview:large, max-video-preview:-1\" \/>\n<link rel=\"canonical\" href=\"https:\/\/financialprojects.de\/registrierung\" \/>\n<meta property=\"og:locale\" content=\"en_US\" \/>\n<meta property=\"og:type\" content=\"article\" \/>\n<meta property=\"og:title\" content=\"Registration - Financial Projects\" \/>\n<meta property=\"og:url\" content=\"https:\/\/financialprojects.de\/registrierung\" \/>\n<meta property=\"og:site_name\" content=\"Financial Projects\" \/>\n<meta property=\"article:modified_time\" content=\"2021-06-29T08:48:47+00:00\" \/>\n<meta name=\"twitter:card\" content=\"summary_large_image\" \/>\n<meta name=\"twitter:label1\" content=\"Est. reading time\" \/>\n\t<meta name=\"twitter:data1\" content=\"3 minutes\" \/>\n<script type=\"application\/ld+json\" class=\"yoast-schema-graph\">{\"@context\":\"https:\/\/schema.org\",\"@graph\":[{\"@type\":\"WebPage\",\"@id\":\"https:\/\/financialprojects.de\/registrierung\",\"url\":\"https:\/\/financialprojects.de\/registrierung\",\"name\":\"Registration - Financial Projects\",\"isPartOf\":{\"@id\":\"https:\/\/financialprojects.de\/en\/#website\"},\"datePublished\":\"2018-02-23T06:57:58+00:00\",\"dateModified\":\"2021-06-29T08:48:47+00:00\",\"breadcrumb\":{\"@id\":\"https:\/\/financialprojects.de\/registrierung#breadcrumb\"},\"inLanguage\":\"en-US\",\"potentialAction\":[{\"@type\":\"ReadAction\",\"target\":[\"https:\/\/financialprojects.de\/registrierung\"]}]},{\"@type\":\"BreadcrumbList\",\"@id\":\"https:\/\/financialprojects.de\/registrierung#breadcrumb\",\"itemListElement\":[{\"@type\":\"ListItem\",\"position\":1,\"name\":\"Startseite\",\"item\":\"https:\/\/financialprojects.de\/en\"},{\"@type\":\"ListItem\",\"position\":2,\"name\":\"Registration\"}]},{\"@type\":\"WebSite\",\"@id\":\"https:\/\/financialprojects.de\/en\/#website\",\"url\":\"https:\/\/financialprojects.de\/en\/\",\"name\":\"Financial Projects\",\"description\":\"Finanzierungen von Investitionsvorhaben\",\"potentialAction\":[{\"@type\":\"SearchAction\",\"target\":{\"@type\":\"EntryPoint\",\"urlTemplate\":\"https:\/\/financialprojects.de\/en\/?s={search_term_string}\"},\"query-input\":{\"@type\":\"PropertyValueSpecification\",\"valueRequired\":true,\"valueName\":\"search_term_string\"}}],\"inLanguage\":\"en-US\"}]}<\/script>\n<!-- \/ Yoast SEO plugin. -->","yoast_head_json":{"title":"Registration - Financial Projects","robots":{"index":"index","follow":"follow","max-snippet":"max-snippet:-1","max-image-preview":"max-image-preview:large","max-video-preview":"max-video-preview:-1"},"canonical":"https:\/\/financialprojects.de\/registrierung","og_locale":"en_US","og_type":"article","og_title":"Registration - Financial Projects","og_url":"https:\/\/financialprojects.de\/registrierung","og_site_name":"Financial Projects","article_modified_time":"2021-06-29T08:48:47+00:00","twitter_card":"summary_large_image","twitter_misc":{"Est. reading time":"3 minutes"},"schema":{"@context":"https:\/\/schema.org","@graph":[{"@type":"WebPage","@id":"https:\/\/financialprojects.de\/registrierung","url":"https:\/\/financialprojects.de\/registrierung","name":"Registration - Financial Projects","isPartOf":{"@id":"https:\/\/financialprojects.de\/en\/#website"},"datePublished":"2018-02-23T06:57:58+00:00","dateModified":"2021-06-29T08:48:47+00:00","breadcrumb":{"@id":"https:\/\/financialprojects.de\/registrierung#breadcrumb"},"inLanguage":"en-US","potentialAction":[{"@type":"ReadAction","target":["https:\/\/financialprojects.de\/registrierung"]}]},{"@type":"BreadcrumbList","@id":"https:\/\/financialprojects.de\/registrierung#breadcrumb","itemListElement":[{"@type":"ListItem","position":1,"name":"Startseite","item":"https:\/\/financialprojects.de\/en"},{"@type":"ListItem","position":2,"name":"Registration"}]},{"@type":"WebSite","@id":"https:\/\/financialprojects.de\/en\/#website","url":"https:\/\/financialprojects.de\/en\/","name":"Financial Projects","description":"Finanzierungen von Investitionsvorhaben","potentialAction":[{"@type":"SearchAction","target":{"@type":"EntryPoint","urlTemplate":"https:\/\/financialprojects.de\/en\/?s={search_term_string}"},"query-input":{"@type":"PropertyValueSpecification","valueRequired":true,"valueName":"search_term_string"}}],"inLanguage":"en-US"}]}},"_links":{"self":[{"href":"https:\/\/financialprojects.de\/en\/wp-json\/wp\/v2\/pages\/5906","targetHints":{"allow":["GET"]}}],"collection":[{"href":"https:\/\/financialprojects.de\/en\/wp-json\/wp\/v2\/pages"}],"about":[{"href":"https:\/\/financialprojects.de\/en\/wp-json\/wp\/v2\/types\/page"}],"author":[{"embeddable":true,"href":"https:\/\/financialprojects.de\/en\/wp-json\/wp\/v2\/users\/11"}],"replies":[{"embeddable":true,"href":"https:\/\/financialprojects.de\/en\/wp-json\/wp\/v2\/comments?post=5906"}],"version-history":[{"count":0,"href":"https:\/\/financialprojects.de\/en\/wp-json\/wp\/v2\/pages\/5906\/revisions"}],"wp:attachment":[{"href":"https:\/\/financialprojects.de\/en\/wp-json\/wp\/v2\/media?parent=5906"}],"curies":[{"name":"wp","href":"https:\/\/api.w.org\/{rel}","templated":true}]}}