{"id":5819,"date":"2018-02-23T00:19:28","date_gmt":"2018-02-22T23:19:28","guid":{"rendered":"https:\/\/financialprojects.de?page_id=5819"},"modified":"2021-06-29T10:50:31","modified_gmt":"2021-06-29T08:50:31","slug":"financing-calculator-agricultural-machinery","status":"publish","type":"page","link":"https:\/\/financialprojects.de\/en\/solutions\/financing-machinery-equipment-vehicles\/financing-calculator-agricultural-machinery","title":{"rendered":"Financing calculator for agricultural machinery"},"content":{"rendered":"<div class='clear'><\/div><div id='sub_menu1'  class='av-submenu-container alternate_color  avia-builder-el-0  el_before_av_section  avia-builder-el-first  av-sticky-submenu  container_wrap sidebar_right' style='  z-index:301' ><div class='container av-menu-mobile-disabled '><ul id=\"menu-2-0-finanzierungsthemen-en\" class=\"av-subnav-menu av-submenu-pos-center\"><li id=\"menu-item-17044\" class=\"menu-item menu-item-type-custom menu-item-object-custom menu-item-home menu-item-top-level menu-item-top-level-1\"><a title=\"Financial Projects \u2013 Your specialist for all topics of Corporate Finance\" href=\"https:\/\/financialprojects.de\/en\" itemprop=\"url\"><span class=\"avia-bullet\"><\/span><span class=\"avia-menu-text\">Start<\/span><span class=\"avia-menu-fx\"><span class=\"avia-arrow-wrap\"><span class=\"avia-arrow\"><\/span><\/span><\/span><\/a><\/li>\n<li id=\"menu-item-10704\" class=\"menu-item menu-item-type-custom menu-item-object-custom menu-item-has-children menu-item-top-level menu-item-top-level-2\"><a href=\"\/en\/corporate-finance\" itemprop=\"url\"><span class=\"avia-bullet\"><\/span><span class=\"avia-menu-text\">Corporate Finance<\/span><span class=\"avia-menu-fx\"><span class=\"avia-arrow-wrap\"><span class=\"avia-arrow\"><\/span><\/span><\/span><\/a>\n\n\n<ul class=\"sub-menu\">\n\t<li id=\"menu-item-10706\" class=\"menu-item menu-item-type-post_type menu-item-object-page\"><a title=\"Gewerbe- und Industrieimmobilien\" href=\"https:\/\/financialprojects.de\/en\/commercial-real-estate\" itemprop=\"url\"><span class=\"avia-bullet\"><\/span><span class=\"avia-menu-text\">Commercial and Industrial Real Estate<\/span><\/a><\/li>\n\t<li id=\"menu-item-10707\" class=\"menu-item menu-item-type-custom menu-item-object-custom\"><a href=\"\/en\/working-capital\" itemprop=\"url\"><span class=\"avia-bullet\"><\/span><span class=\"avia-menu-text\">Working Capital<\/span><\/a><\/li>\n\t<li id=\"menu-item-10708\" class=\"menu-item menu-item-type-post_type menu-item-object-page\"><a title=\"Beleihung gewerblicher Schutzrechte\" href=\"https:\/\/financialprojects.de\/en\/solutions\/mortgaging-industrial-property-rights\" itemprop=\"url\"><span class=\"avia-bullet\"><\/span><span class=\"avia-menu-text\">Mortgaging of Industrial Property Rights<\/span><\/a><\/li>\n\t<li id=\"menu-item-10709\" class=\"menu-item menu-item-type-post_type menu-item-object-page\"><a title=\"Notgeld zur Liquidit\u00e4tssicherung\" href=\"https:\/\/financialprojects.de\/en\/emergency-money-securing-liquidity\" itemprop=\"url\"><span class=\"avia-bullet\"><\/span><span class=\"avia-menu-text\">Emergency Money for Securing Liquidity<\/span><\/a><\/li>\n<\/ul>\n<\/li>\n<li id=\"menu-item-10710\" class=\"menu-item menu-item-type-post_type menu-item-object-page menu-item-top-level menu-item-top-level-3\"><a title=\"Equipment Finance Calculator\" href=\"https:\/\/financialprojects.de\/en\/solutions\/financing-machinery-equipment-vehicles\/equipment-finance-calculator-user\" itemprop=\"url\"><span class=\"avia-bullet\"><\/span><span class=\"avia-menu-text\">Equipment Finance <i>Calculator<\/i><\/span><span class=\"avia-menu-fx\"><span class=\"avia-arrow-wrap\"><span class=\"avia-arrow\"><\/span><\/span><\/span><\/a><\/li>\n<li id=\"menu-item-10722\" class=\"menu-item menu-item-type-custom menu-item-object-custom menu-item-top-level menu-item-top-level-4\"><a href=\"\/en\/vendor-finance\" itemprop=\"url\"><span class=\"avia-bullet\"><\/span><span class=\"avia-menu-text\">Vendor Finance<\/span><span class=\"avia-menu-fx\"><span class=\"avia-arrow-wrap\"><span class=\"avia-arrow\"><\/span><\/span><\/span><\/a><\/li>\n<li id=\"menu-item-10724\" class=\"menu-item menu-item-type-custom menu-item-object-custom menu-item-has-children menu-item-top-level menu-item-top-level-5\"><a href=\"\/en\/working-capital\" itemprop=\"url\"><span class=\"avia-bullet\"><\/span><span class=\"avia-menu-text\">Working Capital<\/span><span class=\"avia-menu-fx\"><span class=\"avia-arrow-wrap\"><span class=\"avia-arrow\"><\/span><\/span><\/span><\/a>\n\n\n<ul class=\"sub-menu\">\n\t<li id=\"menu-item-10725\" class=\"menu-item menu-item-type-post_type menu-item-object-page\"><a href=\"https:\/\/financialprojects.de\/en\/working-capital\/factoring\" itemprop=\"url\"><span class=\"avia-bullet\"><\/span><span class=\"avia-menu-text\">Factoring<\/span><\/a><\/li>\n\t<li id=\"menu-item-10726\" class=\"menu-item menu-item-type-post_type menu-item-object-page\"><a href=\"https:\/\/financialprojects.de\/en\/basics-of-factoring\" itemprop=\"url\"><span class=\"avia-bullet\"><\/span><span class=\"avia-menu-text\">Factoring Basics<\/span><\/a><\/li>\n\t<li id=\"menu-item-10727\" class=\"menu-item menu-item-type-post_type menu-item-object-page\"><a href=\"https:\/\/financialprojects.de\/en\/working-capital\/current-account-facilities\" itemprop=\"url\"><span class=\"avia-bullet\"><\/span><span class=\"avia-menu-text\">Overdraft Facility<\/span><\/a><\/li>\n\t<li id=\"menu-item-10728\" class=\"menu-item menu-item-type-post_type menu-item-object-page\"><a href=\"https:\/\/financialprojects.de\/en\/working-capital\/purchase-stock-financing\" itemprop=\"url\"><span class=\"avia-bullet\"><\/span><span class=\"avia-menu-text\">Purchase and stock financing<\/span><\/a><\/li>\n\t<li id=\"menu-item-10729\" class=\"menu-item menu-item-type-post_type menu-item-object-page\"><a title=\"Glossar\" href=\"https:\/\/financialprojects.de\/en\/working-capital\/glossary-working-capital\" itemprop=\"url\"><span class=\"avia-bullet\"><\/span><span class=\"avia-menu-text\">Glossary Working Capital<\/span><\/a><\/li>\n<\/ul>\n<\/li>\n<li id=\"menu-item-10730\" class=\"menu-item menu-item-type-post_type menu-item-object-page menu-item-top-level menu-item-top-level-6\"><a title=\"Equipment Finance\" href=\"https:\/\/financialprojects.de\/en\/solutions\/financing-machinery-equipment-vehicles\" itemprop=\"url\"><span class=\"avia-bullet\"><\/span><span class=\"avia-menu-text\">Equipment Finance<\/span><span class=\"avia-menu-fx\"><span class=\"avia-arrow-wrap\"><span class=\"avia-arrow\"><\/span><\/span><\/span><\/a><\/li>\n<li id=\"menu-item-10776\" class=\"menu-item menu-item-type-post_type menu-item-object-page menu-item-has-children menu-item-top-level menu-item-top-level-7\"><a href=\"https:\/\/financialprojects.de\/en\/trade-finance\" itemprop=\"url\"><span class=\"avia-bullet\"><\/span><span class=\"avia-menu-text\">Trade Finance<\/span><span class=\"avia-menu-fx\"><span class=\"avia-arrow-wrap\"><span class=\"avia-arrow\"><\/span><\/span><\/span><\/a>\n\n\n<ul class=\"sub-menu\">\n\t<li id=\"menu-item-11250\" class=\"menu-item menu-item-type-custom menu-item-object-custom\"><a href=\"\/en\/export-finance\/factoring\" itemprop=\"url\"><span class=\"avia-bullet\"><\/span><span class=\"avia-menu-text\">Factoring<\/span><\/a><\/li>\n<\/ul>\n<\/li>\n<\/ul><\/div><\/div><div class='sticky_placeholder'><\/div>\n<div id='custom-slider'  class='avia-section main_color avia-section-no-padding avia-no-border-styling  avia-bg-style-scroll  avia-builder-el-1  el_after_av_submenu  el_before_av_textblock   container_wrap sidebar_right' style='background-color: #ededed;  '  ><div class='container' ><div class='template-page content  av-content-small alpha units'><div class='post-entry post-entry-type-page post-entry-5819'><div class='entry-content-wrapper clearfix'>\n<div class=\"flex_column av_one_fifth  flex_column_div av-zero-column-padding first  avia-builder-el-2  el_before_av_three_fifth  avia-builder-el-first  \" style='border-radius:0px; '><\/div><div class=\"flex_column av_three_fifth  flex_column_div   avia-builder-el-3  el_after_av_one_fifth  el_before_av_one_fifth  \" style='padding:0px 5{a18ebd2cd3695fb5b5544f11c382dc0da026a24f4c66384090492349a8f13f50} 0px 5{a18ebd2cd3695fb5b5544f11c382dc0da026a24f4c66384090492349a8f13f50} ; border-radius:0px; '><div   data-size='no scaling'  data-lightbox_size='large'  data-animation='fade'  data-conditional_play=''  data-ids='4737'  data-video_counter='0'  data-autoplay='false'  data-bg_slider='false'  data-slide_height=''  data-handle='av_slideshow'  data-interval='5'  data-class=' avia-builder-el-4  avia-builder-el-no-sibling  '  data-el_id=''  data-css_id=''  data-scroll_down=''  data-control_layout='av-control-hidden'  data-custom_markup=''  data-perma_caption=''  data-autoplay_stopper=''  data-image_attachment=''  data-min_height='0px'  data-lazy_loading='disabled'  class='avia-slideshow avia-slideshow-1  av-control-hidden av-default-height-applied avia-slideshow-no scaling av_slideshow  avia-builder-el-4  avia-builder-el-no-sibling   avia-fade-slider '  itemprop=\"image\" itemscope=\"itemscope\" itemtype=\"https:\/\/schema.org\/ImageObject\" ><ul class='avia-slideshow-inner ' style='padding-bottom: 56.25%;' ><li  class=' av-single-slide slide-1 ' ><div data-rel='slideshow-1' class='avia-slide-wrap '   ><img decoding=\"async\" class=\"wp-image-4737 avia-img-lazy-loading-not-4737\"  src=\"https:\/\/financialprojects.de\/wp-content\/uploads\/2017\/11\/Landmaschinen.jpg\" width=\"960\" height=\"540\" title='Finanzierungsrechner f\u00fcr Landmaschinen' alt='Finanzierungsrechner f\u00fcr Landmaschinen'  itemprop=\"thumbnailUrl\" srcset=\"https:\/\/financialprojects.de\/wp-content\/uploads\/2017\/11\/Landmaschinen.jpg 960w, https:\/\/financialprojects.de\/wp-content\/uploads\/2017\/11\/Landmaschinen-300x169.jpg 300w, https:\/\/financialprojects.de\/wp-content\/uploads\/2017\/11\/Landmaschinen-768x432.jpg 768w, https:\/\/financialprojects.de\/wp-content\/uploads\/2017\/11\/Landmaschinen-705x397.jpg 705w, https:\/\/financialprojects.de\/wp-content\/uploads\/2017\/11\/Landmaschinen-450x253.jpg 450w\" sizes=\"(max-width: 960px) 100vw, 960px\" \/><\/div><\/li><\/ul><\/div><\/div><div class=\"flex_column av_one_fifth  flex_column_div av-zero-column-padding   avia-builder-el-5  el_after_av_three_fifth  avia-builder-el-last  \" style='border-radius:0px; '><\/div>\n<\/div><\/div><\/div><!-- close content main div --><\/div><\/div><div id='after_section_1'  class='main_color av_default_container_wrap container_wrap sidebar_right' style=' '  ><div class='container' ><div class='template-page content  av-content-small alpha units'><div class='post-entry post-entry-type-page post-entry-5819'><div class='entry-content-wrapper clearfix'>\n<section class=\"av_textblock_section \"  itemscope=\"itemscope\" itemtype=\"https:\/\/schema.org\/CreativeWork\" ><div class='avia_textblock  '   itemprop=\"text\" ><h1><b>Landmaschinen-Finanzierung<\/b><\/h1>\n<p>Ihre Branche ist die Agrarwirtschaft und Sie planen die Finanzierung von Landmaschinen wie neue Traktoren, einen M\u00e4hdrescher oder einen H\u00e4cksler?<\/p>\n<p>Unser engmaschiges Finanzierungsnetzwerk in Europa, USA und BRIC erm\u00f6glicht es uns, Ihnen die neueste Landtechnik zu attraktiven Konditionen zur Verf\u00fcgung zu stellen.<\/p>\n<p>Profitieren auch Sie von der Kompetenz des f\u00fchrenden Anbieters f\u00fcr Absatzfinanzierungen in der Landwirtschaft!<\/p>\n<p>Kontaktieren Sie uns jetzt unverbindlich unter:<\/p>\n<div style=\"float: left; width: 80px;\">Telefon:<\/div>\n<div style=\"float: left;\"><a href=\"tel:+4920830998070\">+49 208 30 99 80 70<\/a><\/div>\n<div style=\"clear: both; height: 1px;\"><\/div>\n<div style=\"clear: both; height: 1px;\"><\/div>\n<div style=\"float: left; width: 80px;\">E-Mail:<\/div>\n<div style=\"float: left;\"><a href=\"mailto:office@financialprojects-services.de\">office@financialprojects-services.de<\/a><\/div>\n<div style=\"clear: both; height: 20px;\"><\/div>\n<\/div><\/section>\n<div  style=' margin-top:5px; margin-bottom:5px;'  class='hr hr-custom hr-center hr-icon-no   avia-builder-el-7  el_after_av_textblock  el_before_av_textblock '><span class='hr-inner  inner-border-av-border-none' style=' width:50px;' ><span class='hr-inner-style'><\/span><\/span><\/div>\n<section class=\"av_textblock_section \"  itemscope=\"itemscope\" itemtype=\"https:\/\/schema.org\/CreativeWork\" ><div class='avia_textblock  '   itemprop=\"text\" ><h2><b>Finanzierungsrechner f\u00fcr Landmaschinen<\/b><\/h2>\n<p>Mit unserem Kalkulator f\u00fcr Landmaschinen berechnen Sie Ihre Investition auf den Tag genau, ganz gleich, ob Sie \u00fcber Leasing, Mietkauf oder einen Investitionskredit finanzieren m\u00f6chten. Unser Kalkulator berechnet Ihre Finanzierung von 25.000 EUR bis 1.000.000 EUR und Laufzeiten bis zu 96 Monaten.<\/p>\n F\u00fcr Ihre Kalkulation bitten wir Sie, sich einmalig und unverbindlich zu <a href=\"https:\/\/financialprojects.de\/registrierung\">registrieren<\/a>.\n<\/div><\/section>\n<div  class='avia-builder-widget-area clearfix  avia-builder-el-9  el_after_av_textblock  el_before_av_textblock '><div id=\"custom_html-15\" class=\"widget_text widget clearfix widget_custom_html\"><div class=\"textwidget custom-html-widget\"><div style=\"width:50%;float:left;padding-right:10px\"><div id=\"wpmem_login\"><a id=\"login\"><\/a><form action=\"\" method=\"POST\" id=\"wpmem_login_form\" class=\"form\"><input type=\"hidden\" id=\"_wpmem_login_nonce\" name=\"_wpmem_login_nonce\" value=\"6e717efc7d\" \/><input type=\"hidden\" name=\"_wp_http_referer\" value=\"\/en\/wp-json\/wp\/v2\/pages\/5819\" \/><fieldset><legend>Existing Users Log In<\/legend><label for=\"log\">Username or Email<\/label><div class=\"div_text\"><input name=\"log\" type=\"text\" id=\"log\" value=\"\" class=\"username\" required  \/><\/div><label for=\"pwd\">Password<\/label><div class=\"div_text\"><input name=\"pwd\" type=\"password\" id=\"pwd\" class=\"password\" required  \/><\/div><input name=\"a\" type=\"hidden\" value=\"login\" \/><input name=\"redirect_to\" type=\"hidden\" value=\"https:\/\/financialprojects.de\/en\" \/><div class=\"button_div\"><input name=\"rememberme\" type=\"checkbox\" id=\"rememberme\" value=\"forever\" \/>&nbsp;<label for=\"rememberme\">Remember Me<\/label>&nbsp;&nbsp;<input type=\"submit\" name=\"Submit\" value=\"Log In\" class=\"buttons\" \/><\/div><\/fieldset><\/form><\/div><a href=\"anmelden\">Passwort vergessen?<\/a><\/div><div style=\"width:50%;float:left;padding-left:20px;margin-top: 50px;\"><legend> Registrieren<\/legend>Bitte registrieren Sie sich einmalig mit Ihrer Email-Adresse. Sie erhalten umgehend Ihren Zugangscode. \u00dcbermitteln Sie uns Ihre Anfrage oder rufen Sie uns direkt an: +49 208 30 99 80 70<br\/><a href=\"\/en\/registration\">Registrierungsformular<\/a><\/div><\/div><\/div><\/div>\n<section class=\"av_textblock_section \"  itemscope=\"itemscope\" itemtype=\"https:\/\/schema.org\/CreativeWork\" ><div class='avia_textblock  '   itemprop=\"text\" >\n<\/div><\/section>\n","protected":false},"excerpt":{"rendered":"","protected":false},"author":11,"featured_media":0,"parent":5745,"menu_order":0,"comment_status":"closed","ping_status":"closed","template":"","meta":{"_monsterinsights_skip_tracking":false,"_monsterinsights_sitenote_active":false,"_monsterinsights_sitenote_note":"","_monsterinsights_sitenote_category":0,"footnotes":""},"class_list":["post-5819","page","type-page","status-publish","hentry"],"yoast_head":"<!-- This site is optimized with the Yoast SEO plugin v27.2 - https:\/\/yoast.com\/product\/yoast-seo-wordpress\/ -->\n<title>Financing calculator for agricultural machinery - Financial Projects<\/title>\n<meta name=\"robots\" content=\"index, follow, max-snippet:-1, max-image-preview:large, max-video-preview:-1\" \/>\n<link rel=\"canonical\" href=\"https:\/\/financialprojects.de\/loesungen\/finanzierung-von-maschinen-anlagen-und-fahrzeugen-oder-it\/finanzierungsrechner-fuer-landmaschinen\" \/>\n<meta property=\"og:locale\" content=\"en_US\" \/>\n<meta property=\"og:type\" content=\"article\" \/>\n<meta property=\"og:title\" content=\"Financing calculator for agricultural machinery - Financial Projects\" \/>\n<meta property=\"og:url\" content=\"https:\/\/financialprojects.de\/loesungen\/finanzierung-von-maschinen-anlagen-und-fahrzeugen-oder-it\/finanzierungsrechner-fuer-landmaschinen\" \/>\n<meta property=\"og:site_name\" content=\"Financial Projects\" \/>\n<meta property=\"article:modified_time\" content=\"2021-06-29T08:50:31+00:00\" \/>\n<meta name=\"twitter:card\" content=\"summary_large_image\" \/>\n<meta name=\"twitter:label1\" content=\"Est. reading time\" \/>\n\t<meta name=\"twitter:data1\" content=\"3 minutes\" \/>\n<script type=\"application\/ld+json\" class=\"yoast-schema-graph\">{\"@context\":\"https:\/\/schema.org\",\"@graph\":[{\"@type\":\"WebPage\",\"@id\":\"https:\/\/financialprojects.de\/loesungen\/finanzierung-von-maschinen-anlagen-und-fahrzeugen-oder-it\/finanzierungsrechner-fuer-landmaschinen\",\"url\":\"https:\/\/financialprojects.de\/loesungen\/finanzierung-von-maschinen-anlagen-und-fahrzeugen-oder-it\/finanzierungsrechner-fuer-landmaschinen\",\"name\":\"Financing calculator for agricultural machinery - Financial Projects\",\"isPartOf\":{\"@id\":\"https:\/\/financialprojects.de\/en\/#website\"},\"datePublished\":\"2018-02-22T23:19:28+00:00\",\"dateModified\":\"2021-06-29T08:50:31+00:00\",\"breadcrumb\":{\"@id\":\"https:\/\/financialprojects.de\/loesungen\/finanzierung-von-maschinen-anlagen-und-fahrzeugen-oder-it\/finanzierungsrechner-fuer-landmaschinen#breadcrumb\"},\"inLanguage\":\"en-US\",\"potentialAction\":[{\"@type\":\"ReadAction\",\"target\":[\"https:\/\/financialprojects.de\/loesungen\/finanzierung-von-maschinen-anlagen-und-fahrzeugen-oder-it\/finanzierungsrechner-fuer-landmaschinen\"]}]},{\"@type\":\"BreadcrumbList\",\"@id\":\"https:\/\/financialprojects.de\/loesungen\/finanzierung-von-maschinen-anlagen-und-fahrzeugen-oder-it\/finanzierungsrechner-fuer-landmaschinen#breadcrumb\",\"itemListElement\":[{\"@type\":\"ListItem\",\"position\":1,\"name\":\"Startseite\",\"item\":\"https:\/\/financialprojects.de\/en\"},{\"@type\":\"ListItem\",\"position\":2,\"name\":\"Solutions\",\"item\":\"https:\/\/financialprojects.de\/en\/solutions\"},{\"@type\":\"ListItem\",\"position\":3,\"name\":\"Financing of machinery, equipment and vehicles or IT\",\"item\":\"https:\/\/financialprojects.de\/en\/solutions\/financing-machinery-equipment-vehicles\"},{\"@type\":\"ListItem\",\"position\":4,\"name\":\"Financing calculator for agricultural machinery\"}]},{\"@type\":\"WebSite\",\"@id\":\"https:\/\/financialprojects.de\/en\/#website\",\"url\":\"https:\/\/financialprojects.de\/en\/\",\"name\":\"Financial Projects\",\"description\":\"Finanzierungen von Investitionsvorhaben\",\"potentialAction\":[{\"@type\":\"SearchAction\",\"target\":{\"@type\":\"EntryPoint\",\"urlTemplate\":\"https:\/\/financialprojects.de\/en\/?s={search_term_string}\"},\"query-input\":{\"@type\":\"PropertyValueSpecification\",\"valueRequired\":true,\"valueName\":\"search_term_string\"}}],\"inLanguage\":\"en-US\"}]}<\/script>\n<!-- \/ Yoast SEO plugin. -->","yoast_head_json":{"title":"Financing calculator for agricultural machinery - Financial Projects","robots":{"index":"index","follow":"follow","max-snippet":"max-snippet:-1","max-image-preview":"max-image-preview:large","max-video-preview":"max-video-preview:-1"},"canonical":"https:\/\/financialprojects.de\/loesungen\/finanzierung-von-maschinen-anlagen-und-fahrzeugen-oder-it\/finanzierungsrechner-fuer-landmaschinen","og_locale":"en_US","og_type":"article","og_title":"Financing calculator for agricultural machinery - Financial Projects","og_url":"https:\/\/financialprojects.de\/loesungen\/finanzierung-von-maschinen-anlagen-und-fahrzeugen-oder-it\/finanzierungsrechner-fuer-landmaschinen","og_site_name":"Financial Projects","article_modified_time":"2021-06-29T08:50:31+00:00","twitter_card":"summary_large_image","twitter_misc":{"Est. reading time":"3 minutes"},"schema":{"@context":"https:\/\/schema.org","@graph":[{"@type":"WebPage","@id":"https:\/\/financialprojects.de\/loesungen\/finanzierung-von-maschinen-anlagen-und-fahrzeugen-oder-it\/finanzierungsrechner-fuer-landmaschinen","url":"https:\/\/financialprojects.de\/loesungen\/finanzierung-von-maschinen-anlagen-und-fahrzeugen-oder-it\/finanzierungsrechner-fuer-landmaschinen","name":"Financing calculator for agricultural machinery - Financial Projects","isPartOf":{"@id":"https:\/\/financialprojects.de\/en\/#website"},"datePublished":"2018-02-22T23:19:28+00:00","dateModified":"2021-06-29T08:50:31+00:00","breadcrumb":{"@id":"https:\/\/financialprojects.de\/loesungen\/finanzierung-von-maschinen-anlagen-und-fahrzeugen-oder-it\/finanzierungsrechner-fuer-landmaschinen#breadcrumb"},"inLanguage":"en-US","potentialAction":[{"@type":"ReadAction","target":["https:\/\/financialprojects.de\/loesungen\/finanzierung-von-maschinen-anlagen-und-fahrzeugen-oder-it\/finanzierungsrechner-fuer-landmaschinen"]}]},{"@type":"BreadcrumbList","@id":"https:\/\/financialprojects.de\/loesungen\/finanzierung-von-maschinen-anlagen-und-fahrzeugen-oder-it\/finanzierungsrechner-fuer-landmaschinen#breadcrumb","itemListElement":[{"@type":"ListItem","position":1,"name":"Startseite","item":"https:\/\/financialprojects.de\/en"},{"@type":"ListItem","position":2,"name":"Solutions","item":"https:\/\/financialprojects.de\/en\/solutions"},{"@type":"ListItem","position":3,"name":"Financing of machinery, equipment and vehicles or IT","item":"https:\/\/financialprojects.de\/en\/solutions\/financing-machinery-equipment-vehicles"},{"@type":"ListItem","position":4,"name":"Financing calculator for agricultural machinery"}]},{"@type":"WebSite","@id":"https:\/\/financialprojects.de\/en\/#website","url":"https:\/\/financialprojects.de\/en\/","name":"Financial Projects","description":"Finanzierungen von Investitionsvorhaben","potentialAction":[{"@type":"SearchAction","target":{"@type":"EntryPoint","urlTemplate":"https:\/\/financialprojects.de\/en\/?s={search_term_string}"},"query-input":{"@type":"PropertyValueSpecification","valueRequired":true,"valueName":"search_term_string"}}],"inLanguage":"en-US"}]}},"_links":{"self":[{"href":"https:\/\/financialprojects.de\/en\/wp-json\/wp\/v2\/pages\/5819","targetHints":{"allow":["GET"]}}],"collection":[{"href":"https:\/\/financialprojects.de\/en\/wp-json\/wp\/v2\/pages"}],"about":[{"href":"https:\/\/financialprojects.de\/en\/wp-json\/wp\/v2\/types\/page"}],"author":[{"embeddable":true,"href":"https:\/\/financialprojects.de\/en\/wp-json\/wp\/v2\/users\/11"}],"replies":[{"embeddable":true,"href":"https:\/\/financialprojects.de\/en\/wp-json\/wp\/v2\/comments?post=5819"}],"version-history":[{"count":0,"href":"https:\/\/financialprojects.de\/en\/wp-json\/wp\/v2\/pages\/5819\/revisions"}],"up":[{"embeddable":true,"href":"https:\/\/financialprojects.de\/en\/wp-json\/wp\/v2\/pages\/5745"}],"wp:attachment":[{"href":"https:\/\/financialprojects.de\/en\/wp-json\/wp\/v2\/media?parent=5819"}],"curies":[{"name":"wp","href":"https:\/\/api.w.org\/{rel}","templated":true}]}}