{"id":5754,"date":"2018-02-22T23:41:23","date_gmt":"2018-02-22T22:41:23","guid":{"rendered":"https:\/\/financialprojects.de?page_id=5754"},"modified":"2021-06-29T10:57:36","modified_gmt":"2021-06-29T08:57:36","slug":"mortgaging-industrial-property-rights","status":"publish","type":"page","link":"https:\/\/financialprojects.de\/en\/solutions\/mortgaging-industrial-property-rights","title":{"rendered":"Mortgaging of Industrial Property Rights"},"content":{"rendered":"<div class='clear'><\/div><div id='sub_menu1'  class='av-submenu-container alternate_color  avia-builder-el-0  el_before_av_section  avia-builder-el-first  av-sticky-submenu  container_wrap sidebar_right' style='  z-index:301' ><div class='container av-menu-mobile-disabled '><ul id=\"menu-2-0-finanzierungsthemen-en\" class=\"av-subnav-menu av-submenu-pos-center\"><li id=\"menu-item-17044\" class=\"menu-item menu-item-type-custom menu-item-object-custom menu-item-home menu-item-top-level menu-item-top-level-1\"><a title=\"Financial Projects \u2013 Your specialist for all topics of Corporate Finance\" href=\"https:\/\/financialprojects.de\/en\" itemprop=\"url\"><span class=\"avia-bullet\"><\/span><span class=\"avia-menu-text\">Start<\/span><span class=\"avia-menu-fx\"><span class=\"avia-arrow-wrap\"><span class=\"avia-arrow\"><\/span><\/span><\/span><\/a><\/li>\n<li id=\"menu-item-10704\" class=\"menu-item menu-item-type-custom menu-item-object-custom menu-item-has-children menu-item-top-level menu-item-top-level-2\"><a href=\"\/en\/corporate-finance\" itemprop=\"url\"><span class=\"avia-bullet\"><\/span><span class=\"avia-menu-text\">Corporate Finance<\/span><span class=\"avia-menu-fx\"><span class=\"avia-arrow-wrap\"><span class=\"avia-arrow\"><\/span><\/span><\/span><\/a>\n\n\n<ul class=\"sub-menu\">\n\t<li id=\"menu-item-10706\" class=\"menu-item menu-item-type-post_type menu-item-object-page\"><a title=\"Gewerbe- und Industrieimmobilien\" href=\"https:\/\/financialprojects.de\/en\/commercial-real-estate\" itemprop=\"url\"><span class=\"avia-bullet\"><\/span><span class=\"avia-menu-text\">Commercial and Industrial Real Estate<\/span><\/a><\/li>\n\t<li id=\"menu-item-10707\" class=\"menu-item menu-item-type-custom menu-item-object-custom\"><a href=\"\/en\/working-capital\" itemprop=\"url\"><span class=\"avia-bullet\"><\/span><span class=\"avia-menu-text\">Working Capital<\/span><\/a><\/li>\n\t<li id=\"menu-item-10708\" class=\"menu-item menu-item-type-post_type menu-item-object-page\"><a title=\"Beleihung gewerblicher Schutzrechte\" href=\"https:\/\/financialprojects.de\/en\/solutions\/mortgaging-industrial-property-rights\" itemprop=\"url\"><span class=\"avia-bullet\"><\/span><span class=\"avia-menu-text\">Mortgaging of Industrial Property Rights<\/span><\/a><\/li>\n\t<li id=\"menu-item-10709\" class=\"menu-item menu-item-type-post_type menu-item-object-page\"><a title=\"Notgeld zur Liquidit\u00e4tssicherung\" href=\"https:\/\/financialprojects.de\/en\/emergency-money-securing-liquidity\" itemprop=\"url\"><span class=\"avia-bullet\"><\/span><span class=\"avia-menu-text\">Emergency Money for Securing Liquidity<\/span><\/a><\/li>\n<\/ul>\n<\/li>\n<li id=\"menu-item-10710\" class=\"menu-item menu-item-type-post_type menu-item-object-page menu-item-top-level menu-item-top-level-3\"><a title=\"Equipment Finance Calculator\" href=\"https:\/\/financialprojects.de\/en\/solutions\/financing-machinery-equipment-vehicles\/equipment-finance-calculator-user\" itemprop=\"url\"><span class=\"avia-bullet\"><\/span><span class=\"avia-menu-text\">Equipment Finance <i>Calculator<\/i><\/span><span class=\"avia-menu-fx\"><span class=\"avia-arrow-wrap\"><span class=\"avia-arrow\"><\/span><\/span><\/span><\/a><\/li>\n<li id=\"menu-item-10722\" class=\"menu-item menu-item-type-custom menu-item-object-custom menu-item-top-level menu-item-top-level-4\"><a href=\"\/en\/vendor-finance\" itemprop=\"url\"><span class=\"avia-bullet\"><\/span><span class=\"avia-menu-text\">Vendor Finance<\/span><span class=\"avia-menu-fx\"><span class=\"avia-arrow-wrap\"><span class=\"avia-arrow\"><\/span><\/span><\/span><\/a><\/li>\n<li id=\"menu-item-10724\" class=\"menu-item menu-item-type-custom menu-item-object-custom menu-item-has-children menu-item-top-level menu-item-top-level-5\"><a href=\"\/en\/working-capital\" itemprop=\"url\"><span class=\"avia-bullet\"><\/span><span class=\"avia-menu-text\">Working Capital<\/span><span class=\"avia-menu-fx\"><span class=\"avia-arrow-wrap\"><span class=\"avia-arrow\"><\/span><\/span><\/span><\/a>\n\n\n<ul class=\"sub-menu\">\n\t<li id=\"menu-item-10725\" class=\"menu-item menu-item-type-post_type menu-item-object-page\"><a href=\"https:\/\/financialprojects.de\/en\/working-capital\/factoring\" itemprop=\"url\"><span class=\"avia-bullet\"><\/span><span class=\"avia-menu-text\">Factoring<\/span><\/a><\/li>\n\t<li id=\"menu-item-10726\" class=\"menu-item menu-item-type-post_type menu-item-object-page\"><a href=\"https:\/\/financialprojects.de\/en\/basics-of-factoring\" itemprop=\"url\"><span class=\"avia-bullet\"><\/span><span class=\"avia-menu-text\">Factoring Basics<\/span><\/a><\/li>\n\t<li id=\"menu-item-10727\" class=\"menu-item menu-item-type-post_type menu-item-object-page\"><a href=\"https:\/\/financialprojects.de\/en\/working-capital\/current-account-facilities\" itemprop=\"url\"><span class=\"avia-bullet\"><\/span><span class=\"avia-menu-text\">Overdraft Facility<\/span><\/a><\/li>\n\t<li id=\"menu-item-10728\" class=\"menu-item menu-item-type-post_type menu-item-object-page\"><a href=\"https:\/\/financialprojects.de\/en\/working-capital\/purchase-stock-financing\" itemprop=\"url\"><span class=\"avia-bullet\"><\/span><span class=\"avia-menu-text\">Purchase and stock financing<\/span><\/a><\/li>\n\t<li id=\"menu-item-10729\" class=\"menu-item menu-item-type-post_type menu-item-object-page\"><a title=\"Glossar\" href=\"https:\/\/financialprojects.de\/en\/working-capital\/glossary-working-capital\" itemprop=\"url\"><span class=\"avia-bullet\"><\/span><span class=\"avia-menu-text\">Glossary Working Capital<\/span><\/a><\/li>\n<\/ul>\n<\/li>\n<li id=\"menu-item-10730\" class=\"menu-item menu-item-type-post_type menu-item-object-page menu-item-top-level menu-item-top-level-6\"><a title=\"Equipment Finance\" href=\"https:\/\/financialprojects.de\/en\/solutions\/financing-machinery-equipment-vehicles\" itemprop=\"url\"><span class=\"avia-bullet\"><\/span><span class=\"avia-menu-text\">Equipment Finance<\/span><span class=\"avia-menu-fx\"><span class=\"avia-arrow-wrap\"><span class=\"avia-arrow\"><\/span><\/span><\/span><\/a><\/li>\n<li id=\"menu-item-10776\" class=\"menu-item menu-item-type-post_type menu-item-object-page menu-item-has-children menu-item-top-level menu-item-top-level-7\"><a href=\"https:\/\/financialprojects.de\/en\/trade-finance\" itemprop=\"url\"><span class=\"avia-bullet\"><\/span><span class=\"avia-menu-text\">Trade Finance<\/span><span class=\"avia-menu-fx\"><span class=\"avia-arrow-wrap\"><span class=\"avia-arrow\"><\/span><\/span><\/span><\/a>\n\n\n<ul class=\"sub-menu\">\n\t<li id=\"menu-item-11250\" class=\"menu-item menu-item-type-custom menu-item-object-custom\"><a href=\"\/en\/export-finance\/factoring\" itemprop=\"url\"><span class=\"avia-bullet\"><\/span><span class=\"avia-menu-text\">Factoring<\/span><\/a><\/li>\n<\/ul>\n<\/li>\n<\/ul><\/div><\/div><div class='sticky_placeholder'><\/div>\n<div id='custom-slider'  class='avia-section main_color avia-section-no-padding avia-no-border-styling  avia-bg-style-scroll  avia-builder-el-1  el_after_av_submenu  el_before_av_textblock   container_wrap sidebar_right' style='background-color: #ededed;  '  ><div class='container' ><div class='template-page content  av-content-small alpha units'><div class='post-entry post-entry-type-page post-entry-5754'><div class='entry-content-wrapper clearfix'>\n<div class=\"flex_column av_one_fifth  flex_column_div av-zero-column-padding first  avia-builder-el-2  el_before_av_three_fifth  avia-builder-el-first  \" style='border-radius:0px; '><\/div><div class=\"flex_column av_three_fifth  flex_column_div   avia-builder-el-3  el_after_av_one_fifth  el_before_av_one_fifth  \" style='padding:0px 5% 0px 5% ; border-radius:0px; '><div   data-size='special'  data-lightbox_size='large'  data-animation='fade'  data-conditional_play=''  data-ids='3606'  data-video_counter='0'  data-autoplay='false'  data-bg_slider='false'  data-slide_height=''  data-handle='av_slideshow'  data-interval='5'  data-class=' avia-builder-el-4  avia-builder-el-no-sibling  '  data-el_id=''  data-css_id=''  data-scroll_down=''  data-control_layout='av-control-default'  data-custom_markup=''  data-perma_caption=''  data-autoplay_stopper=''  data-image_attachment=''  data-min_height='0px'  data-lazy_loading='disabled'  class='avia-slideshow avia-slideshow-1  av-control-default av-default-height-applied avia-slideshow-special av_slideshow  avia-builder-el-4  avia-builder-el-no-sibling   avia-fade-slider '  itemprop=\"image\" itemscope=\"itemscope\" itemtype=\"https:\/\/schema.org\/ImageObject\" ><ul class='avia-slideshow-inner ' style='padding-bottom: 56.25%;' ><li  class=' av-single-slide slide-1 ' ><div data-rel='slideshow-1' class='avia-slide-wrap '   ><img decoding=\"async\" class=\"wp-image-3606 avia-img-lazy-loading-not-3606\"  src=\"https:\/\/financialprojects.de\/wp-content\/uploads\/2017\/10\/Beleihung-von-Schutzrechten.jpg\" width=\"960\" height=\"540\" title='Gewerbliche Schutzrechte als Kreditsicherheit' alt='Gewerbliche Schutzrechte als Kreditsicherheit'  itemprop=\"thumbnailUrl\" srcset=\"https:\/\/financialprojects.de\/wp-content\/uploads\/2017\/10\/Beleihung-von-Schutzrechten.jpg 960w, https:\/\/financialprojects.de\/wp-content\/uploads\/2017\/10\/Beleihung-von-Schutzrechten-300x169.jpg 300w, https:\/\/financialprojects.de\/wp-content\/uploads\/2017\/10\/Beleihung-von-Schutzrechten-768x432.jpg 768w, https:\/\/financialprojects.de\/wp-content\/uploads\/2017\/10\/Beleihung-von-Schutzrechten-705x397.jpg 705w, https:\/\/financialprojects.de\/wp-content\/uploads\/2017\/10\/Beleihung-von-Schutzrechten-450x253.jpg 450w\" sizes=\"(max-width: 960px) 100vw, 960px\" \/><\/div><\/li><\/ul><\/div><\/div><div class=\"flex_column av_one_fifth  flex_column_div av-zero-column-padding   avia-builder-el-5  el_after_av_three_fifth  avia-builder-el-last  \" style='border-radius:0px; '><\/div>\n<\/div><\/div><\/div><!-- close content main div --><\/div><\/div><div id='after_section_1'  class='main_color av_default_container_wrap container_wrap sidebar_right' style=' '  ><div class='container' ><div class='template-page content  av-content-small alpha units'><div class='post-entry post-entry-type-page post-entry-5754'><div class='entry-content-wrapper clearfix'>\n<section class=\"av_textblock_section \"  itemscope=\"itemscope\" itemtype=\"https:\/\/schema.org\/CreativeWork\" ><div class='avia_textblock  '   itemprop=\"text\" ><h1>Beleihung gewerblicher Schutzrechte<\/h1>\n<p>Zusammen mit unserem Partner, der PATEV Associates GmbH in Karlsruhe, <a href=\"https:\/\/patev.de\" target=\"_blank\" rel=\"noopener\">www.patev.de<\/a>, sind wir in der Lage, kurz- und mittelfristige Darlehen einzuwerben, die ausschlie\u00dflich mithilfe der in Ihrem Unternehmen vorhandenen Schutzrechte besichert werden w\u00fcrden. PATEV bewertet die Rechte, Financial Projects Services beantragt in einem mit den Finanzierungsinstituten abgestimmten Verfahren die Beleihung der Rechte. Am Ende der Laufzeit der Darlehen und nach deren R\u00fcckf\u00fchrung wird Ihr Unternehmen die Rechte vollst\u00e4ndig zur\u00fcckerlangen.<\/p>\n<p>Dieses Instrument der Finanzierung eignet sich insbesondere als Expansionsfinanzierung und zur Vereinfachung der Struktur von Akquisitionsfinanzierungen beim Erwerb von Gesch\u00e4ftsanteilen (Abl\u00f6sung von Gesellschafteranteilen und\/oder dem Erwerb von Anteilen weiterer Unternehmen).<\/p>\n<p>F\u00fcr konkrete Erl\u00e4uterungen wenden Sie sich bitte an:<\/p>\n<p>Gabriele Romeike<br \/>\nMendener Str. 3<br \/>\nD-45470 M\u00fclheim an der Ruhr<\/p>\n<div style=\"clear: both; height: 5px;\"><\/div>\n<div style=\"float: left; width: 120px;\">Telefon:<\/div>\n<div style=\"float: left;\"><a href=\"tel:+4920830998010\">+49 208 30 99 80 10<\/a><\/div>\n<div style=\"clear: both; height: 1px;\"><\/div>\n<div style=\"float: left; width: 120px;\">Fax:<\/div>\n<div style=\"float: left;\">+49 208 30 99 80 99<\/div>\n<div style=\"clear: both; height: 1px;\"><\/div>\n<div style=\"float: left; width: 120px;\">E-Mail:<\/div>\n<div style=\"float: left;\"><a href=\"mailto:gef@financialprojects-services.de\">grf@financialprojects-services.de<\/a><\/div>\n<div style=\"clear: both; height: 5px;\"><\/div>\n<p>oder informieren Sie uns \u00fcber Ihre Anfrage:<\/p>\n<div class=\"caldera-grid\" id=\"caldera_form_1\" data-cf-ver=\"1.9.4\" data-cf-form-id=\"CF59db62e6239ff\"><div id=\"caldera_notices_1\" data-spinner=\"https:\/\/financialprojects.de\/wp-admin\/images\/spinner.gif\"><\/div><form data-instance=\"1\" class=\"CF59db62e6239ff caldera_forms_form cfajax-trigger\" method=\"POST\" enctype=\"multipart\/form-data\" id=\"CF59db62e6239ff_1\" data-form-id=\"CF59db62e6239ff\" aria-label=\"Formular Schutzrechte\" data-target=\"#caldera_notices_1\" data-template=\"#cfajax_CF59db62e6239ff-tmpl\" data-cfajax=\"CF59db62e6239ff\" data-load-element=\"_parent\" data-load-class=\"cf_processing\" data-post-disable=\"0\" data-action=\"cf_process_ajax_submit\" data-request=\"https:\/\/financialprojects.de\/en\/cf-api\/CF59db62e6239ff\" data-custom-callback=\"formsubm\" data-hiderows=\"true\">\r\n<input type=\"hidden\" id=\"_cf_verify_CF59db62e6239ff\" name=\"_cf_verify\" value=\"9194bea400\"  data-nonce-time=\"1776009850\" \/><input type=\"hidden\" name=\"_wp_http_referer\" value=\"\/en\/wp-json\/wp\/v2\/pages\/5754\" \/><div id=\"cf2-CF59db62e6239ff_1\"><\/div><input type=\"hidden\" name=\"_cf_frm_id\" value=\"CF59db62e6239ff\">\r\n<input type=\"hidden\" name=\"_cf_frm_ct\" value=\"1\">\r\n<input type=\"hidden\" name=\"cfajax\" value=\"CF59db62e6239ff\">\r\n<input type=\"hidden\" name=\"_cf_cr_pst\" value=\"5754\">\r\n<div class=\"hide\" style=\"display:none; overflow:hidden;height:0;width:0;\">\r\n<label>Web Site<\/label><input type=\"text\" name=\"web_site\" value=\"\" autocomplete=\"off\">\r\n<\/div><div id=\"CF59db62e6239ff_1-row-1\"  class=\"row  single\"><div  class=\"col-sm-12  single\"><div data-field-wrapper=\"fld_6250557\" class=\"form-group\" id=\"fld_6250557_1-wrap\">\r\n\t<label id=\"fld_6250557Label\" for=\"fld_6250557_1\" class=\"control-label\">Ihr Name <span aria-hidden=\"true\" role=\"presentation\" class=\"field_required\" style=\"color:#ee0000;\">*<\/span><\/label>\r\n\t<div class=\"\">\r\n\t\t<input   required type=\"text\" data-field=\"fld_6250557\" class=\" form-control\" id=\"fld_6250557_1\" name=\"fld_6250557\" value=\"  \" data-type=\"text\" aria-required=\"true\"   aria-labelledby=\"fld_6250557Label\" >\t\t\t<\/div>\r\n<\/div>\r\n<div data-field-wrapper=\"fld_7565\" class=\"form-group\" id=\"fld_7565_1-wrap\">\r\n\t<label id=\"fld_7565Label\" for=\"fld_7565_1\" class=\"control-label\">Ihre E-Mail Adresse <span aria-hidden=\"true\" role=\"presentation\" class=\"field_required\" style=\"color:#ee0000;\">*<\/span><\/label>\r\n\t<div class=\"\">\r\n\t\t<input   required type=\"email\" data-field=\"fld_7565\" class=\" form-control\" id=\"fld_7565_1\" name=\"fld_7565\" value=\"\" data-type=\"email\" aria-required=\"true\"   aria-labelledby=\"fld_7565Label\" >\t\t\t<\/div>\r\n<\/div>\r\n<div data-field-wrapper=\"fld_1511231\" class=\"form-group\" id=\"fld_1511231_1-wrap\">\r\n\t<label id=\"fld_1511231Label\" for=\"fld_1511231_1\" class=\"control-label\">Telefon <span aria-hidden=\"true\" role=\"presentation\" class=\"field_required\" style=\"color:#ee0000;\">*<\/span><\/label>\r\n\t<div class=\"\">\r\n\t\t<input   required type=\"text\" data-field=\"fld_1511231\" class=\" form-control\" id=\"fld_1511231_1\" name=\"fld_1511231\" value=\"\" data-type=\"text\" aria-required=\"true\"   aria-labelledby=\"fld_1511231Label\" >\t\t\t<\/div>\r\n<\/div>\r\n<div data-field-wrapper=\"fld_4834255\" class=\"form-group\" id=\"fld_4834255_1-wrap\">\r\n\t<label id=\"fld_4834255Label\" for=\"fld_4834255_1\" class=\"control-label\">Betreff<\/label>\r\n\t<div class=\"\">\r\n\t\t<input    type=\"text\" data-field=\"fld_4834255\" class=\" form-control\" id=\"fld_4834255_1\" name=\"fld_4834255\" value=\"\" data-type=\"text\"   aria-labelledby=\"fld_4834255Label\" >\t\t\t<\/div>\r\n<\/div>\r\n<div data-field-wrapper=\"fld_2409763\" class=\"form-group\" id=\"fld_2409763_1-wrap\">\r\n\t<label id=\"fld_2409763Label\" for=\"fld_2409763_1\" class=\"control-label\">Ihre Nachricht<\/label>\r\n\t<div class=\"\">\r\n\t\t<textarea name=\"fld_2409763\" value=\"\" data-field=\"fld_2409763\" class=\"form-control\" id=\"fld_2409763_1\" rows=\"4\"    aria-labelledby=\"fld_2409763Label\" ><\/textarea>\n\t\t\t<\/div>\r\n<\/div>\r\n<div data-field-wrapper=\"fld_2231891\" class=\"form-group\" id=\"fld_2231891_1-wrap\">\r\n\t<label id=\"fld_2231891Label\" for=\"fld_2231891_1\" class=\"control-label screen-reader-text sr-only\">Accept Dataprocessing<\/label>\r\n\t<div class=\"\">\r\n\t\t\t\t\t\t\n                <label  class=\"checkbox-inline\"                        for=\"fld_2231891_1_opt1900856\"\n                >\n                            <input\n                                data-parsley-required=\"true\" data-parsley-group=\"fld_2231891_1\" data-parsley-multiple=\"fld_2231891_1\"                                type=\"checkbox\"\n                                data-label=\" \"\n                                data-field=\"fld_2231891\"\n                                id=\"fld_2231891_1_opt1900856\"\n                                class=\"fld_2231891_1 option-required\"\n                                name=\"fld_2231891[opt1900856]\"\n                                value=\"1\"\n                                                                data-type=\"checkbox\"\n                                data-checkbox-field=\"fld_2231891_1\"\n                                                                data-calc-value=\"1\"\n                            >\n                                     <\/label>\n\n                \t\t\t\t\t\t\t<\/div>\r\n<\/div>\r\n<div class=\"dse-infotext\"><p>Ich stimme zu, dass meine Angaben aus dem Kontaktformular zur Beantwortung meiner Anfrage erhoben und verarbeitet werden.<\/p>\n<p>Sie haben jederzeit die M\u00f6glichkeit, Ihre personenbezogenen Daten durch Financial Projects berichtigen, sperren oder l\u00f6schen zu lassen. Bitte wenden Sie sich hierzu an die folgende E-Mail-Adresse: <a href=\"mailto:office@financialprojects-services.de\">office@financialprojects-services.de<\/a>.<\/p>\n<p>Von der L\u00f6schung ausgenommen sind ausschlie\u00dflich die Daten, die wir zur Abwicklung noch ausstehender Aufgaben oder zur Durchsetzung unserer Rechte und Anspr\u00fcche ben\u00f6tigen sowie Daten, die wir nach gesetzlicher Ma\u00dfgabe aufbewahren m\u00fcssen. Solche Daten werden f\u00fcr jede weitere Nutzung durch uns selbstverst\u00e4ndlich gesperrt.<\/p>\n<p>\nDetaillierte Informationen zum Umgang mit Nutzerdaten finden Sie in unserer\u00a0<a href=\"\/datenschutz\">Datenschutzerkl\u00e4rung<\/a>. <span>*<\/span><\/p>\n<\/div><div class=\"\"><p><label class=\"control-label\"><span aria-hidden=\"true\" role=\"presentation\" class=\"field_required\" style=\"color:#ee0000;\">*<\/span>Pflichtfeld<\/label><\/p>\n<\/div><div data-field-wrapper=\"fld_5484077\" class=\"form-group\" id=\"fld_5484077_1-wrap\">\r\n<div class=\"\">\r\n\t<input  class=\"btn btn-default\" type=\"submit\" name=\"fld_5484077\" id=\"fld_5484077_1\" value=\"Senden\" data-field=\"fld_5484077\"  >\n<\/div>\r\n<\/div>\r\n\t<input class=\"button_trigger_1\" type=\"hidden\" name=\"fld_5484077\" id=\"fld_5484077_1_btn\" value=\"\" data-field=\"fld_5484077\"  \/>\n<\/div><\/div><\/form>\r\n<\/div>\r\n\n<\/div><\/section>\n","protected":false},"excerpt":{"rendered":"","protected":false},"author":11,"featured_media":0,"parent":5717,"menu_order":0,"comment_status":"closed","ping_status":"closed","template":"","meta":{"_monsterinsights_skip_tracking":false,"_monsterinsights_sitenote_active":false,"_monsterinsights_sitenote_note":"","_monsterinsights_sitenote_category":0,"footnotes":""},"class_list":["post-5754","page","type-page","status-publish","hentry"],"yoast_head":"<!-- This site is optimized with the Yoast SEO plugin v27.2 - https:\/\/yoast.com\/product\/yoast-seo-wordpress\/ -->\n<title>Mortgaging of Industrial Property Rights - Financial Projects<\/title>\n<meta name=\"robots\" content=\"index, follow, max-snippet:-1, max-image-preview:large, max-video-preview:-1\" \/>\n<link rel=\"canonical\" href=\"https:\/\/financialprojects.de\/loesungen\/beleihung-gewerblicher-schutzrechte\" \/>\n<meta property=\"og:locale\" content=\"en_US\" \/>\n<meta property=\"og:type\" content=\"article\" \/>\n<meta property=\"og:title\" content=\"Mortgaging of Industrial Property Rights - Financial Projects\" \/>\n<meta property=\"og:url\" content=\"https:\/\/financialprojects.de\/loesungen\/beleihung-gewerblicher-schutzrechte\" \/>\n<meta property=\"og:site_name\" content=\"Financial Projects\" \/>\n<meta property=\"article:modified_time\" content=\"2021-06-29T08:57:36+00:00\" \/>\n<meta name=\"twitter:card\" content=\"summary_large_image\" \/>\n<meta name=\"twitter:label1\" content=\"Est. reading time\" \/>\n\t<meta name=\"twitter:data1\" content=\"3 minutes\" \/>\n<script type=\"application\/ld+json\" class=\"yoast-schema-graph\">{\"@context\":\"https:\/\/schema.org\",\"@graph\":[{\"@type\":\"WebPage\",\"@id\":\"https:\/\/financialprojects.de\/loesungen\/beleihung-gewerblicher-schutzrechte\",\"url\":\"https:\/\/financialprojects.de\/loesungen\/beleihung-gewerblicher-schutzrechte\",\"name\":\"Mortgaging of Industrial Property Rights - Financial Projects\",\"isPartOf\":{\"@id\":\"https:\/\/financialprojects.de\/en\/#website\"},\"datePublished\":\"2018-02-22T22:41:23+00:00\",\"dateModified\":\"2021-06-29T08:57:36+00:00\",\"breadcrumb\":{\"@id\":\"https:\/\/financialprojects.de\/loesungen\/beleihung-gewerblicher-schutzrechte#breadcrumb\"},\"inLanguage\":\"en-US\",\"potentialAction\":[{\"@type\":\"ReadAction\",\"target\":[\"https:\/\/financialprojects.de\/loesungen\/beleihung-gewerblicher-schutzrechte\"]}]},{\"@type\":\"BreadcrumbList\",\"@id\":\"https:\/\/financialprojects.de\/loesungen\/beleihung-gewerblicher-schutzrechte#breadcrumb\",\"itemListElement\":[{\"@type\":\"ListItem\",\"position\":1,\"name\":\"Startseite\",\"item\":\"https:\/\/financialprojects.de\/en\"},{\"@type\":\"ListItem\",\"position\":2,\"name\":\"Solutions\",\"item\":\"https:\/\/financialprojects.de\/en\/solutions\"},{\"@type\":\"ListItem\",\"position\":3,\"name\":\"Mortgaging of Industrial Property Rights\"}]},{\"@type\":\"WebSite\",\"@id\":\"https:\/\/financialprojects.de\/en\/#website\",\"url\":\"https:\/\/financialprojects.de\/en\/\",\"name\":\"Financial Projects\",\"description\":\"Finanzierungen von Investitionsvorhaben\",\"potentialAction\":[{\"@type\":\"SearchAction\",\"target\":{\"@type\":\"EntryPoint\",\"urlTemplate\":\"https:\/\/financialprojects.de\/en\/?s={search_term_string}\"},\"query-input\":{\"@type\":\"PropertyValueSpecification\",\"valueRequired\":true,\"valueName\":\"search_term_string\"}}],\"inLanguage\":\"en-US\"}]}<\/script>\n<!-- \/ Yoast SEO plugin. -->","yoast_head_json":{"title":"Mortgaging of Industrial Property Rights - Financial Projects","robots":{"index":"index","follow":"follow","max-snippet":"max-snippet:-1","max-image-preview":"max-image-preview:large","max-video-preview":"max-video-preview:-1"},"canonical":"https:\/\/financialprojects.de\/loesungen\/beleihung-gewerblicher-schutzrechte","og_locale":"en_US","og_type":"article","og_title":"Mortgaging of Industrial Property Rights - Financial Projects","og_url":"https:\/\/financialprojects.de\/loesungen\/beleihung-gewerblicher-schutzrechte","og_site_name":"Financial Projects","article_modified_time":"2021-06-29T08:57:36+00:00","twitter_card":"summary_large_image","twitter_misc":{"Est. reading time":"3 minutes"},"schema":{"@context":"https:\/\/schema.org","@graph":[{"@type":"WebPage","@id":"https:\/\/financialprojects.de\/loesungen\/beleihung-gewerblicher-schutzrechte","url":"https:\/\/financialprojects.de\/loesungen\/beleihung-gewerblicher-schutzrechte","name":"Mortgaging of Industrial Property Rights - Financial Projects","isPartOf":{"@id":"https:\/\/financialprojects.de\/en\/#website"},"datePublished":"2018-02-22T22:41:23+00:00","dateModified":"2021-06-29T08:57:36+00:00","breadcrumb":{"@id":"https:\/\/financialprojects.de\/loesungen\/beleihung-gewerblicher-schutzrechte#breadcrumb"},"inLanguage":"en-US","potentialAction":[{"@type":"ReadAction","target":["https:\/\/financialprojects.de\/loesungen\/beleihung-gewerblicher-schutzrechte"]}]},{"@type":"BreadcrumbList","@id":"https:\/\/financialprojects.de\/loesungen\/beleihung-gewerblicher-schutzrechte#breadcrumb","itemListElement":[{"@type":"ListItem","position":1,"name":"Startseite","item":"https:\/\/financialprojects.de\/en"},{"@type":"ListItem","position":2,"name":"Solutions","item":"https:\/\/financialprojects.de\/en\/solutions"},{"@type":"ListItem","position":3,"name":"Mortgaging of Industrial Property Rights"}]},{"@type":"WebSite","@id":"https:\/\/financialprojects.de\/en\/#website","url":"https:\/\/financialprojects.de\/en\/","name":"Financial Projects","description":"Finanzierungen von Investitionsvorhaben","potentialAction":[{"@type":"SearchAction","target":{"@type":"EntryPoint","urlTemplate":"https:\/\/financialprojects.de\/en\/?s={search_term_string}"},"query-input":{"@type":"PropertyValueSpecification","valueRequired":true,"valueName":"search_term_string"}}],"inLanguage":"en-US"}]}},"_links":{"self":[{"href":"https:\/\/financialprojects.de\/en\/wp-json\/wp\/v2\/pages\/5754","targetHints":{"allow":["GET"]}}],"collection":[{"href":"https:\/\/financialprojects.de\/en\/wp-json\/wp\/v2\/pages"}],"about":[{"href":"https:\/\/financialprojects.de\/en\/wp-json\/wp\/v2\/types\/page"}],"author":[{"embeddable":true,"href":"https:\/\/financialprojects.de\/en\/wp-json\/wp\/v2\/users\/11"}],"replies":[{"embeddable":true,"href":"https:\/\/financialprojects.de\/en\/wp-json\/wp\/v2\/comments?post=5754"}],"version-history":[{"count":0,"href":"https:\/\/financialprojects.de\/en\/wp-json\/wp\/v2\/pages\/5754\/revisions"}],"up":[{"embeddable":true,"href":"https:\/\/financialprojects.de\/en\/wp-json\/wp\/v2\/pages\/5717"}],"wp:attachment":[{"href":"https:\/\/financialprojects.de\/en\/wp-json\/wp\/v2\/media?parent=5754"}],"curies":[{"name":"wp","href":"https:\/\/api.w.org\/{rel}","templated":true}]}}